{"id":984,"date":"2021-01-31T14:32:27","date_gmt":"2021-01-31T14:32:27","guid":{"rendered":"http:\/\/cfiz.uoradea.ro\/?page_id=984"},"modified":"2022-12-02T07:07:27","modified_gmt":"2022-12-02T07:07:27","slug":"pn-iii-p4-id-pce-2020-0277-decorsys","status":"publish","type":"page","link":"https:\/\/cfiz.uoradea.ro\/?page_id=984","title":{"rendered":"PN-III-P4-ID-PCE-2020-0277  (DECORSYS)"},"content":{"rendered":"<!--vcv no format--><!-- vcwb\/dynamicElementComment:3bb678fb --><div class=\"vce-row-container\" data-vce-boxed-width=\"true\"><div class=\"vce-row vce-row--col-gap-30 vce-row-equal-height vce-row-content--top\" id=\"el-3bb678fb\" data-vce-do-apply=\"all el-3bb678fb\"><div class=\"vce-row-content\" data-vce-element-content=\"true\"><!-- vcwb\/dynamicElementComment:474de5e4 --><div class=\"vce-col vce-col--md-auto vce-col--xs-1 vce-col--xs-last vce-col--xs-first vce-col--sm-last vce-col--sm-first vce-col--md-last vce-col--lg-last vce-col--xl-last vce-col--md-first vce-col--lg-first vce-col--xl-first\" id=\"el-474de5e4\"><div class=\"vce-col-inner\" data-vce-do-apply=\"border margin background  el-474de5e4\"><div class=\"vce-col-content\" data-vce-element-content=\"true\" data-vce-do-apply=\"padding el-474de5e4\"><!-- vcwb\/dynamicElementComment:7532b73f --><div class=\"vce-text-block\"><div class=\"vce-text-block-wrapper vce\" id=\"el-7532b73f\" data-vce-do-apply=\"all el-7532b73f\">\n<figure class=\"wp-block-image size-full is-resized\"><img loading=\"lazy\" decoding=\"async\" class=\"wp-image-1226\" src=\"|!|vcvUploadUrl|!|\/2022\/02\/Unknown-1.png\" alt=\"\" width=\"42\" height=\"52\"><\/figure>\n\n<p class=\"has-navy-blue-color has-text-color\" style=\"font-size: 19px;\">Project coordinator: Moca Pa\u0219cu C\u0103t\u0103lin<\/p>\n\n<p class=\"has-navy-blue-color has-text-color\" style=\"font-size: 17px;\">Period: 4<sup>th<\/sup> of January 2021 and 31<sup>st<\/sup> of December 2023<\/p>\n\n<p>&nbsp;<\/p>\n\n<p>&nbsp;<\/p>\n\n<figure class=\"wp-block-image size-large is-resized\"><img loading=\"lazy\" decoding=\"async\" class=\"wp-image-987\" src=\"|!|vcvUploadUrl|!|\/2021\/01\/header_proiect.png\" alt=\"\" width=\"847\" height=\"484\" srcset=\"https:\/\/cfiz.uoradea.ro\/wp-content\/uploads\/2021\/01\/header_proiect.png 593w, https:\/\/cfiz.uoradea.ro\/wp-content\/uploads\/2021\/01\/header_proiect-300x172.png 300w, https:\/\/cfiz.uoradea.ro\/wp-content\/uploads\/2021\/01\/header_proiect-360x206.png 360w\" sizes=\"auto, (max-width: 847px) 100vw, 847px\" \/><\/figure>\n\n<div class=\"wp-block-columns is-layout-flex wp-container-core-columns-is-layout-9d6595d7 wp-block-columns-is-layout-flex\">\n<div class=\"wp-block-column is-layout-flow wp-block-column-is-layout-flow\">\n<div class=\"wp-block-columns is-layout-flex wp-container-core-columns-is-layout-9d6595d7 wp-block-columns-is-layout-flex\">\n<div class=\"wp-block-column is-layout-flow wp-block-column-is-layout-flow\">\n<p class=\"has-text-align-left\">The project PN-III-P4-ID-PCE-2020-0277 entitled &#8220;Dynamics and entanglement in correlated systems&#8221; is a research project funded by the&nbsp;<a href=\"http:\/\/www.uefiscdi.ro\/\">Romanian National Authority for Scientific Research, UEFISCDI<\/a>. The total budget of the project is 1 200 000 lei (250 000 \u20ac).<\/p>\n<\/div>\n\n<div class=\"wp-block-column is-layout-flow wp-block-column-is-layout-flow\">\n<p>Proiectul PN-III-P4-ID-PCE-2020-0277 intitulat \u201eDinamica \u0219i inseparabilitate \u00een sisteme corelate\u201d este un proiect de cercetare finantat de&nbsp;Autoritatea Nationala pentru Cercetare Stiintifica Romana, UEFISCDI. Bugetul total al proiectului este de 1 200 000 lei (250 000 \u20ac).<\/p>\n<\/div>\n<\/div>\n<\/div>\n<\/div>\n\n<div class=\"wp-block-columns is-layout-flex wp-container-core-columns-is-layout-9d6595d7 wp-block-columns-is-layout-flex\">\n<div class=\"wp-block-column is-layout-flow wp-block-column-is-layout-flow\">\n<p class=\"has-navy-blue-color has-text-color has-large-font-size\"><strong>Short description of the project<\/strong><\/p>\n\n<p>&nbsp;<\/p>\n\n<p>Non-equilibrium dynamics, correlations and entanglement have been investigated intensively both experimentally and theoretically. At present it allows us to address fundamental questions such as thermalization and equilibration, to investigate non-equilibrium quantum fluctuation relations or to analyze non-linear response.&nbsp; Recently, there is also a recent surge of interest in understanding and analyzing non-hermitian Hamiltonians. The intriguing physical effects embedded in such non-Hermitian physics triggered state of art developments in many branches of physics.&nbsp;As a result of this progress the otherwise fundamental problems of quantum statistical physics, such as the structure of the \u201cstationary\u201d state of closed quantum systems, the formation of thermodynamic entropy and quantum entanglement during time evolution, the Kibble-Zurek mechanism across a quantum critical point or even the formation of non-equilibrium phases in excited quantum systems become relevant for non-Hermitic and open systems.&nbsp; These problems are not only critical to today\u2019s cold atomic and solid-state physics experiments, but a detailed description of time evolution is essential for quantum communication applications, quantum cryptography, quantum computations, and quantum simulations.&nbsp; In the present project we plan to develop and apply new theoretical tools and computational methods that can be used to discover and explain new phenomena and mechanisms, and to obtain more accurate answers to such problems. The problems that we are planning to address have a high degree of originality and were not address previously in the literature, therefore reaching the objectives of our proposal will provide a fresh theoretical insight into the dynamics in non-Hermitian and open systems dynamics. We are planning to develop new numerical codes by upgrading the TEBD code to Liouvillian evolution, incorporate the quantum trajectories into it, and to develop a new TDVP code for non-equilibrium dynamics. These unique tools shall enable us to study unknown aspects of entanglement growth, information spreading and correlations in such systems.<\/p>\n\n<p>&nbsp;<\/p>\n\n<p>&nbsp;<\/p>\n<\/div>\n\n<div class=\"wp-block-column is-layout-flow wp-block-column-is-layout-flow\">\n<p class=\"has-navy-blue-color has-text-color has-large-font-size\"><strong>Scurt\u0103 descriere a proiectului<\/strong><\/p>\n\n<p>&nbsp;<\/p>\n\n<p>&nbsp;<\/p>\n\n<p>Dinamica de neechilibru, corela\u021biile \u0219i \u00eenseparabilitatea au fost investigate intens at\u00e2t experimental, c\u00e2t \u0219i teoretic. \u00cen prezent, ne permite s\u0103 abord\u0103m \u00eentreb\u0103ri fundamentale precum termalizarea \u0219i echilibrarea, s\u0103 investig\u0103m rolul fluctua\u021biilor cuantice \u00een sisteme la neechilibru sau r\u0103spunsul neliniar. Recent, a crescut \u0219i interesului pentru \u00een\u021belegerea \u0219i analiza sistemelor non-hermitice. Efectele fizice fascinante \u00eencorporate \u00eentr-o astfel de fizic\u0103 non-hermitica au dus la studii noi \u00een multe ramuri ale fizicii. Ca urmare a acestui progres, problemele de altfel fundamentale ale fizicii statistice cuantice, cum ar fi structura st\u0103rii \u201esta\u021bionare\u201d a sistemelor cuantice \u00eenchise, formarea entropiei termodinamice \u0219i a inseparabilitatea cuantica \u00een timpul evolu\u021biei \u00een timp, mecanismul Kibble-Zurek \u00een vecin\u0103tatea unui punc critic sau formarea fazelor de neechilibru \u00een sisteme cuantice excitate devin relevante pentru sistemele non-hermitic sau sistemele deschise. Aceste probleme sunt doar importante at\u00e2t din punct de vedere experimental c\u00e2t \u0219i teoretic \u0219i necesita o \u00een\u021belegere \u0219i o descriere detaliat\u0103 a evolu\u021biei sistemului pentru aplica\u021biile de comunicare cuantic\u0103, criptografia cuantic\u0103, calculele \u0219i simul\u0103rile folosind algoritmi cuantici. \u00cen cadrul proiectului de fata ne propunem s\u0103 dezvolt\u0103m \u0219i s\u0103 aplic\u0103m noi instrumente teoretice \u0219i metode de calcul care pot fi utilizate pentru a descoperi \u0219i explica noi fenomene \u0219i mecanisme \u0219i pentru a ob\u021bine r\u0103spunsuri mai precise la astfel de probleme. Problemele pe care inten\u021bion\u0103m s\u0103 le abord\u0103m au \u200b\u200bun grad ridicat de originalitate \u0219i nu au fost abordate anterior \u00een literatur\u0103, prin urmare atingerea obiectivelor va oferi o nou\u0103 perspectiv\u0103 teoretic\u0103 asupra dinamicii sistemelor deschise \u0219i non-hermitice. Planific\u0103m s\u0103 dezvolt\u0103m noi coduri numerice prin actualizarea codului TEBD la evolu\u021bia Liouvillian\u0103, s\u0103 \u00eencorpor\u0103m traiectorii cuantice \u00een acesta \u0219i s\u0103 dezvolt\u0103m un nou cod TDVP pentru dinamica de neechilibru. Aceste instrumente unice ne vor permite s\u0103 studiem corela\u021biilor \u00een astfel de sisteme.<\/p>\n<\/div>\n<\/div>\n\n<div class=\"wp-block-spacer\" style=\"height: 19px;\" aria-hidden=\"true\">&nbsp;<\/div>\n\n<p class=\"has-navy-blue-color has-text-color has-large-font-size\">&nbsp;<\/p>\n\n<div class=\"wp-block-columns is-layout-flex wp-container-core-columns-is-layout-9d6595d7 wp-block-columns-is-layout-flex\">\n<div class=\"wp-block-column is-layout-flow wp-block-column-is-layout-flow\">\n<p class=\"has-navy-blue-color has-text-color has-large-font-size\"><strong>Main objectives<\/strong><\/p>\n\n<p>&nbsp;<\/p>\n\n<p>T1) Developing of new methods such as the TEBD for density matrix in Liouvillian space, quantum trajectories within the TEBD approach, or the TDVP approach. T2) Investigating the non-equilibrium dynamics and correlations in open systems and non-hermitic models T3) The study of quantum information and entanglement in open systems and in non-hermitian models.<\/p>\n<\/div>\n\n<div class=\"wp-block-column is-layout-flow wp-block-column-is-layout-flow\">\n<p class=\"has-navy-blue-color has-text-color has-large-font-size\"><strong>Obiective principale<\/strong><\/p>\n\n<p>T1) Dezvoltarea de noi metode precum TEBD pentru matricea de densitatei \u00een spa\u021biul Liouvillian, traiectorii cuantice \u00een cadrul abord\u0103rii TEBD sau abordarea TDVP. T2) Investigarea dinamicii \u015fi corela\u0163iilor de neechilibru \u00een sisteme deschise \u015fi modele neermitice T3) Studiul informa\u0163iei cuantice \u015fi inseparabilitatii \u00een sisteme deschise \u015fi \u00een modele non-herzmitice.<\/p>\n<\/div>\n<\/div>\n\n<div class=\"wp-block-spacer\" style=\"height: 13px;\" aria-hidden=\"true\">&nbsp;<\/div>\n\n<p class=\"has-navy-blue-color has-text-color has-large-font-size\">Group members \/ Membrii grupului<\/p>\n\n<p class=\"has-dark-blue-color has-text-color\"><a href=\"http:\/\/cfiz.uoradea.ro\/?page_id=122\" data-type=\"URL\" data-id=\"http:\/\/cfiz.uoradea.ro\/?page_id=122\">Prof. C\u0103t\u0103lin Pa\u0219cu Moca <\/a><\/p>\n\n<p><a href=\"https:\/\/dtp.physics.bme.hu\/Zarand_Gergely?language=en\">Prof. Gergely Zarand<\/a><\/p>\n\n<p><a href=\"https:\/\/dtp.physics.bme.hu\/Dora_Balazs?language=en\">Prof. Dora Balazs<\/a><\/p>\n\n<p><a href=\"http:\/\/ro.itim-cj.ro\/portfolio\/dr-sticlet-doru-cristian\/\">CS3. Doru Cristian Sticlet<\/a><\/p>\n\n<div class=\"wp-block-spacer\" style=\"height: 18px;\" aria-hidden=\"true\">&nbsp;<\/div>\n\n<p class=\"has-navy-blue-color has-text-color has-large-font-size\"><span style=\"font-size: 16pt; color: #000080;\">Publications \/ Publica\u021bii<\/span><\/p>\n\n<p><span style=\"font-size: 12pt;\">[10] <a href=\"https:\/\/journals.aps.org\/prb\/abstract\/10.1103\/PhysRevB.106.165411\">Non-Hermitian off-diagonal magnetic response of Dirac fermions<\/a>, R.Z. Kiss, Doru Sticlet,&nbsp;<\/span>C\u0103t\u0103lin Pa\u015fcu Moca and Bal\u00e1zs D\u00f3ra, Phys. Rev. <strong>B 106<\/strong>, 165411, (2022)<\/p>\n<p><span style=\"font-size: 12pt;\">[9]&nbsp;<a href=\"https:\/\/journals.aps.org\/prb\/abstract\/10.1103\/PhysRevB.105.195144\">Simulating Lindbladian evolution with non-Abelian symmetries: Ballistic front propagation in the SU(2) Hubbard model with a localized loss<\/a>,&nbsp;C\u0103t\u0103lin Pa\u015fcu Moca, Mikl\u00f3s Antal Werner, \u00d6rs Legeza, Toma\u017e Prosen, M\u00e1rton Kormos, and Gergely Zar\u00e1nd,&nbsp;Phys. Rev. <strong>B 105<\/strong>, 195144 (2022)<\/span><\/p>\n<p><span style=\"font-size: 12pt;\"><\/span><\/p>\n<p style=\"font-size: 18px;\"><span style=\"font-size: 12pt;\">[8] <a href=\"https:\/\/journals.aps.org\/prresearch\/abstract\/10.1103\/PhysRevResearch.4.023067\">Quantum Coulomb glass on the Bethe lattice<\/a>, Izabella Lovas, Annam\u00e1ria Kiss, C\u0103t\u0103lin Pa\u015fcu Moca, and Gergely Zar\u00e1nd, Phys. Rev. Research <strong>4<\/strong>, 023067 (2022)<\/span><\/p>\n<p><span style=\"font-size: 12pt;\"><\/span><\/p>\n<p style=\"font-size: 18px;\"><span style=\"font-size: 12pt;\">[7]<a href=\"https:\/\/journals.aps.org\/prl\/abstract\/10.1103\/PhysRevLett.128.146804\"> Correlations at PT-Symmetric Quantum Critical Point<\/a>, Bal\u00e1zs D\u00f3ra, Doru Sticlet, and C\u0103t\u0103lin Pa\u015fcu Moca, Phys. Rev. Lett.<strong> 128<\/strong>, 146804 (2022)<\/span><\/p>\n<p><span style=\"font-size: 12pt;\"><\/span><\/p>\n<p style=\"font-size: 18px;\"><span style=\"font-size: 12pt;\">[6] <a href=\"https:\/\/journals.aps.org\/prl\/abstract\/10.1103\/PhysRevLett.128.016802\">Kubo Formula for Non-Hermitian Systems and Tachyon Optical Conductivity<\/a>, Doru Sticlet, Bal\u00e1zs D\u00f3ra, and C\u0103t\u0103lin Pa\u015fcu Moca, Phys. Rev. Lett.&nbsp;<strong>128<\/strong>, 016802 (2022).<\/span><\/p>\n<p><span style=\"font-size: 12pt;\"><\/span><\/p>\n<p style=\"font-size: 18px;\"><span style=\"font-size: 12pt;\">[5] <a href=\"https:\/\/journals.aps.org\/prl\/abstract\/10.1103\/PhysRevLett.127.186804\">Kondo Cloud in a Superconductor<\/a> C\u0103t\u0103lin Pa\u015fcu Moca, Ireneusz Weymann, Mikl\u00f3s Antal Werner, and Gergely Zar\u00e1nd, Phys. Rev. Lett.&nbsp;<strong>127<\/strong>, 186804 (2021)<\/span><\/p>\n<p><span style=\"font-size: 12pt;\"><\/span><\/p>\n<p class=\"has-gray-color has-text-color\" style=\"font-size: 18px;\"><span style=\"font-size: 12pt;\">[4] <a href=\"https:\/\/journals.aps.org\/prb\/abstract\/10.1103\/PhysRevB.104.125124\">Universal conductance of a&nbsp;PT-symmetric Luttinger liquid after a quantum quench<\/a>, C\u0103t\u0103lin Pa\u015fcu Moca and Bal\u00e1zs D\u00f3ra, Phys. Rev. B&nbsp;<strong>104<\/strong>, 125124 (2021)<\/span><\/p>\n<p><span style=\"font-size: 12pt;\"><\/span><\/p>\n<p class=\"has-gray-color has-text-color\" style=\"font-size: 18px;\"><span style=\"font-size: 12pt;\">[3] <a href=\"https:\/\/journals.aps.org\/prb\/abstract\/10.1103\/PhysRevB.103.205153\">Defect production due to time-dependent coupling to environment in the Lindblad equation<\/a> Bal\u00e1zs Gul\u00e1csi and Bal\u00e1zs D\u00f3ra, Phys. Rev. B&nbsp;<strong>103<\/strong>, 205153 (2021)<\/span><\/p>\n<p><span style=\"font-size: 12pt;\"><\/span><\/p>\n<p style=\"font-size: 18px;\"><span style=\"font-size: 12pt;\">[2] <a href=\"https:\/\/journals.aps.org\/prb\/abstract\/10.1103\/PhysRevB.104.035130?ft=1\">Time-dependent electric transport in nodal loop semimetals<\/a>, Zolt\u00e1n Okv\u00e1tovity, L\u00e1szl\u00f3 Oroszl\u00e1ny, and Bal\u00e1zs D\u00f3ra, Phys. Rev. B&nbsp;<strong>104<\/strong>, 035130 (2021)<\/span><\/p>\n<p><span style=\"font-size: 12pt;\"><\/span><\/p>\n<p style=\"font-size: 18px;\"><span style=\"font-size: 12pt;\">[1] <a href=\"https:\/\/journals.aps.org\/prb\/abstract\/10.1103\/PhysRevB.104.125113\">Non-Hermitian Lindhard function and Friedel oscillations<\/a>, Bal\u00e1zs D\u00f3ra, Doru Sticlet, and C\u0103t\u0103lin Pa\u015fcu Moca, Phys. Rev. B&nbsp;<strong>104<\/strong>, 125113 (2021)<\/span><\/p>\n<p><span style=\"font-size: 12pt;\"><\/span><\/p>\n<p>&nbsp;<\/p>\n<p><span style=\"font-size: 12pt;\"><\/span><\/p>\n<p>&nbsp;<\/p>\n\n<p>&nbsp;<\/p>\n\n<p>&nbsp;<\/p>\n\n<p>&nbsp;<\/p>\n<\/div><\/div><!-- \/vcwb\/dynamicElementComment:7532b73f --><\/div><\/div><\/div><!-- \/vcwb\/dynamicElementComment:474de5e4 --><\/div><\/div><\/div><!-- \/vcwb\/dynamicElementComment:3bb678fb --><!--vcv no format-->","protected":false},"excerpt":{"rendered":"","protected":false},"author":1,"featured_media":0,"parent":0,"menu_order":0,"comment_status":"closed","ping_status":"closed","template":"","meta":{"footnotes":""},"class_list":["post-984","page","type-page","status-publish","hentry"],"_links":{"self":[{"href":"https:\/\/cfiz.uoradea.ro\/index.php?rest_route=\/wp\/v2\/pages\/984","targetHints":{"allow":["GET"]}}],"collection":[{"href":"https:\/\/cfiz.uoradea.ro\/index.php?rest_route=\/wp\/v2\/pages"}],"about":[{"href":"https:\/\/cfiz.uoradea.ro\/index.php?rest_route=\/wp\/v2\/types\/page"}],"author":[{"embeddable":true,"href":"https:\/\/cfiz.uoradea.ro\/index.php?rest_route=\/wp\/v2\/users\/1"}],"replies":[{"embeddable":true,"href":"https:\/\/cfiz.uoradea.ro\/index.php?rest_route=%2Fwp%2Fv2%2Fcomments&post=984"}],"version-history":[{"count":64,"href":"https:\/\/cfiz.uoradea.ro\/index.php?rest_route=\/wp\/v2\/pages\/984\/revisions"}],"predecessor-version":[{"id":1398,"href":"https:\/\/cfiz.uoradea.ro\/index.php?rest_route=\/wp\/v2\/pages\/984\/revisions\/1398"}],"wp:attachment":[{"href":"https:\/\/cfiz.uoradea.ro\/index.php?rest_route=%2Fwp%2Fv2%2Fmedia&parent=984"}],"curies":[{"name":"wp","href":"https:\/\/api.w.org\/{rel}","templated":true}]}}