{"id":854,"date":"2020-12-22T18:43:41","date_gmt":"2020-12-22T18:43:41","guid":{"rendered":"http:\/\/cfiz.uoradea.ro\/?page_id=854"},"modified":"2020-12-22T18:43:44","modified_gmt":"2020-12-22T18:43:44","slug":"noaptea-cercetatorilor-editia-2019","status":"publish","type":"page","link":"https:\/\/cfiz.uoradea.ro\/?page_id=854","title":{"rendered":"Noaptea Cercet\u0103torilor Edi\u021bia 2019"},"content":{"rendered":"\n<div class=\"wp-block-columns is-layout-flex wp-container-core-columns-is-layout-9d6595d7 wp-block-columns-is-layout-flex\">\n<div class=\"wp-block-column is-layout-flow wp-block-column-is-layout-flow\">\n<figure class=\"wp-block-table is-style-stripes\"><table><tbody><tr><td>Noaptea Cercet\u0103torilor Europeni este s\u0103rb\u0103torit\u0103 vineri, 27 septembrie 2019, \u00een peste 20 de ora\u0219e din Rom\u00e2nia, dintre care \u0219i Oradea \u0219i aproximativ 350 de ora\u015fe europene. <strong>La Oradea, evenimentul va avea loc \u00eentre orele 17.00 &#8211; 22.00, la Sala Polivalent\u0103 a Universit\u0103\u021bii din Oradea.<\/strong><\/td><\/tr><\/tbody><\/table><\/figure>\n\n\n\n<p>Ora\u0219ul nostru, ca alte ora\u0219e de renume, va fi gazda unor evenimente \u0219i experimente inedite, prezent\u0103ri interactive, activit\u0103\u021bi educative pentru copii, concursuri \u015fi multe alte activit\u0103\u021bi care vor \u00eembina \u0219tiin\u021ba cu \u00eenv\u0103\u021barea \u0219i promovarea \u0219tiin\u021belor ca o direc\u021bie de urmat pentru noile genera\u021bii.<\/p>\n\n\n\n<p>Evenimentul este destinat simultan copiilor \u0219i adul\u021bilor pasiona\u021bi de \u0219tiin\u021b\u0103, care nu vor s\u0103 rateze momentele \u00een care cercet\u0103torii vin s\u0103 prezinte publicului cele mai noi descoperiri din laboratoare, inven\u021bii \u0219i proiecte din astronomie, biologie, chimie, inginerie sau antropologie. Vor avea loc demonstra\u021bii spectaculoase \u0219i concursuri cu premii pentru a recompensa creativitatea vizitatorilor.<\/p>\n\n\n\n<p>Noaptea Cercet\u0103torilor Europeni face parte din seria de evenimente finan\u021bate de c\u0103tre Comisia European\u0103 prin Programul Cadru de Cercetare \u0219i Inovare H2020, ac\u021biunile Marie Sklodowska-Curie (MSCA) \u0219i \u00ee\u0219i propune s\u0103 arate publicului ce \u00eenseamn\u0103 s\u0103 fii cercet\u0103tor \u0219i c\u00e2t de interesant\u0103 poate fi munca de cercetare.<\/p>\n\n\n\n<p>Proiectul se adreseaz\u0103 min\u021bilor curioase, de la entuzia\u0219ti la sceptici, oferind o gam\u0103 larg\u0103 de activit\u0103\u021bi \u0219tiin\u021bifice \u0219i educa\u021bionale. Pe termen lung evenimentul atrage noile genera\u021bii c\u0103tre munca de cercetare \u0219i activare profesional\u0103 \u00een acest domeniu \u00een interiorul Uniunii Europene \u0219i cre\u0219te respectul publicului larg fa\u021b\u0103 de munca nev\u0103zut\u0103 a cercet\u0103torilor. Programul detaliat pentru fiecare ora\u0219 \u00een parte va fi publicat pe&nbsp;<a href=\"http:\/\/www.noapteacercetatorilor.eu\/\">www.noapteacercetatorilor.eu<\/a>,&nbsp;<a href=\"https:\/\/media.uoradea.ro\/\">https:\/\/media.uoradea.ro&nbsp;<\/a>\u0219i <a href=\"https:\/\/www.facebook.com\/pg\/UniversitateaDinOradea.\">https:\/\/www.facebook.com\/pg\/UniversitateaDinOradea.<\/a><\/p>\n<\/div>\n\n\n\n<div class=\"wp-block-column is-layout-flow wp-block-column-is-layout-flow\">\n<figure class=\"wp-block-image size-large\"><img loading=\"lazy\" decoding=\"async\" width=\"640\" height=\"889\" src=\"http:\/\/cfiz.uoradea.ro\/wp-content\/uploads\/2020\/12\/dl5447.jpg\" alt=\"\" class=\"wp-image-855\" srcset=\"https:\/\/cfiz.uoradea.ro\/wp-content\/uploads\/2020\/12\/dl5447.jpg 640w, https:\/\/cfiz.uoradea.ro\/wp-content\/uploads\/2020\/12\/dl5447-216x300.jpg 216w, https:\/\/cfiz.uoradea.ro\/wp-content\/uploads\/2020\/12\/dl5447-194x270.jpg 194w\" sizes=\"auto, (max-width: 640px) 100vw, 640px\" \/><\/figure>\n\n\n\n<p>Prima edi\u0163ie a avut loc \u00een anul 2005, iar de atunci \u015fi p\u00e2n\u0103 \u00een prezent evenimentul a atras peste 1,1 milioane de vizitatori la nivelul UE. Noaptea Cercet\u0103torilor ofer\u0103 oamenilor de \u0219tiin\u021b\u0103 posibilitatea de a se conecta cu publicul, iar publicului oportunitatea de a descoperi lumea \u0219tiin\u021bei \u0219i oamenii din spatele experimentelor inedite.La Universitatea din Oradea evenimentul este organizat \u00eencep\u00e2nd cu anul 2013.<\/p>\n<\/div>\n<\/div>\n\n\n\n<p style=\"font-size:22px\">Imagini de la eveniment<\/p>\n\n\n\n<figure class=\"wp-block-gallery columns-3 is-cropped wp-block-gallery-1 is-layout-flex wp-block-gallery-is-layout-flex\"><ul class=\"blocks-gallery-grid\"><li class=\"blocks-gallery-item\"><figure><img loading=\"lazy\" decoding=\"async\" width=\"614\" height=\"1024\" src=\"http:\/\/cfiz.uoradea.ro\/wp-content\/uploads\/2020\/12\/nc2-614x1024.jpg\" alt=\"\" data-id=\"856\" data-link=\"http:\/\/cfiz.uoradea.ro\/?attachment_id=856\" class=\"wp-image-856\" srcset=\"https:\/\/cfiz.uoradea.ro\/wp-content\/uploads\/2020\/12\/nc2-614x1024.jpg 614w, https:\/\/cfiz.uoradea.ro\/wp-content\/uploads\/2020\/12\/nc2-180x300.jpg 180w, https:\/\/cfiz.uoradea.ro\/wp-content\/uploads\/2020\/12\/nc2-162x270.jpg 162w, https:\/\/cfiz.uoradea.ro\/wp-content\/uploads\/2020\/12\/nc2.jpg 753w\" sizes=\"auto, (max-width: 614px) 100vw, 614px\" \/><\/figure><\/li><li class=\"blocks-gallery-item\"><figure><img loading=\"lazy\" decoding=\"async\" width=\"635\" height=\"1024\" src=\"http:\/\/cfiz.uoradea.ro\/wp-content\/uploads\/2020\/12\/nc3-635x1024.jpg\" alt=\"\" data-id=\"857\" data-link=\"http:\/\/cfiz.uoradea.ro\/?attachment_id=857\" class=\"wp-image-857\" srcset=\"https:\/\/cfiz.uoradea.ro\/wp-content\/uploads\/2020\/12\/nc3-635x1024.jpg 635w, https:\/\/cfiz.uoradea.ro\/wp-content\/uploads\/2020\/12\/nc3-186x300.jpg 186w, https:\/\/cfiz.uoradea.ro\/wp-content\/uploads\/2020\/12\/nc3-167x270.jpg 167w, https:\/\/cfiz.uoradea.ro\/wp-content\/uploads\/2020\/12\/nc3.jpg 738w\" sizes=\"auto, (max-width: 635px) 100vw, 635px\" \/><\/figure><\/li><li class=\"blocks-gallery-item\"><figure><img loading=\"lazy\" decoding=\"async\" width=\"826\" height=\"565\" src=\"http:\/\/cfiz.uoradea.ro\/wp-content\/uploads\/2020\/12\/nc1.jpg\" alt=\"\" data-id=\"858\" data-full-url=\"http:\/\/cfiz.uoradea.ro\/wp-content\/uploads\/2020\/12\/nc1.jpg\" data-link=\"http:\/\/cfiz.uoradea.ro\/?attachment_id=858\" class=\"wp-image-858\" srcset=\"https:\/\/cfiz.uoradea.ro\/wp-content\/uploads\/2020\/12\/nc1.jpg 826w, https:\/\/cfiz.uoradea.ro\/wp-content\/uploads\/2020\/12\/nc1-300x205.jpg 300w, https:\/\/cfiz.uoradea.ro\/wp-content\/uploads\/2020\/12\/nc1-768x525.jpg 768w, https:\/\/cfiz.uoradea.ro\/wp-content\/uploads\/2020\/12\/nc1-360x246.jpg 360w\" sizes=\"auto, (max-width: 826px) 100vw, 826px\" \/><\/figure><\/li><\/ul><\/figure>\n","protected":false},"excerpt":{"rendered":"<p>Noaptea Cercet\u0103torilor Europeni este s\u0103rb\u0103torit\u0103 vineri, 27 septembrie 2019, \u00een peste 20 de ora\u0219e din Rom\u00e2nia, dintre care \u0219i Oradea \u0219i aproximativ 350 de ora\u015fe europene. La Oradea, evenimentul va avea loc \u00eentre orele 17.00 &#8211; 22.00, la Sala Polivalent\u0103 <a href=\"https:\/\/cfiz.uoradea.ro\/?page_id=854\" class=\"read-more\">Read More &#8230;<\/a><\/p>\n","protected":false},"author":1,"featured_media":0,"parent":0,"menu_order":0,"comment_status":"closed","ping_status":"closed","template":"","meta":{"footnotes":""},"class_list":["post-854","page","type-page","status-publish","hentry"],"_links":{"self":[{"href":"https:\/\/cfiz.uoradea.ro\/index.php?rest_route=\/wp\/v2\/pages\/854","targetHints":{"allow":["GET"]}}],"collection":[{"href":"https:\/\/cfiz.uoradea.ro\/index.php?rest_route=\/wp\/v2\/pages"}],"about":[{"href":"https:\/\/cfiz.uoradea.ro\/index.php?rest_route=\/wp\/v2\/types\/page"}],"author":[{"embeddable":true,"href":"https:\/\/cfiz.uoradea.ro\/index.php?rest_route=\/wp\/v2\/users\/1"}],"replies":[{"embeddable":true,"href":"https:\/\/cfiz.uoradea.ro\/index.php?rest_route=%2Fwp%2Fv2%2Fcomments&post=854"}],"version-history":[{"count":2,"href":"https:\/\/cfiz.uoradea.ro\/index.php?rest_route=\/wp\/v2\/pages\/854\/revisions"}],"predecessor-version":[{"id":861,"href":"https:\/\/cfiz.uoradea.ro\/index.php?rest_route=\/wp\/v2\/pages\/854\/revisions\/861"}],"wp:attachment":[{"href":"https:\/\/cfiz.uoradea.ro\/index.php?rest_route=%2Fwp%2Fv2%2Fmedia&parent=854"}],"curies":[{"name":"wp","href":"https:\/\/api.w.org\/{rel}","templated":true}]}}