{"id":782,"date":"2020-12-18T21:06:19","date_gmt":"2020-12-18T21:06:19","guid":{"rendered":"http:\/\/cfiz.uoradea.ro\/?page_id=782"},"modified":"2020-12-22T18:51:36","modified_gmt":"2020-12-22T18:51:36","slug":"pentagonul-fizicii-editia-2017","status":"publish","type":"page","link":"https:\/\/cfiz.uoradea.ro\/?page_id=782","title":{"rendered":"Pentagonul fizicii- Edi\u021bia 2017"},"content":{"rendered":"\n<p>Proiectul &#8220;Pentagonul Facult\u0103\u0163ilor Fizic\u0103&#8221;, aflat \u00een acest an la a V-a edi\u0163ie, a luat fiin\u0163\u0103 din dorin\u0163a de a oferi \u015fansa tuturor celor afla\u0163i la un \u00eenceput de carier\u0103 \u00een cercetare de a fi \u00eentr-o legatur\u0103 str\u00e2ns\u0103 cu aspectele \u015fi rezultatele cele mai noi \u00een diferite domenii de interes ale fizicii moderne. Proiectul const\u0103 \u00een organizarea unei conferin\u0163e nationale anuale in diferitele centre universitare. \u00cen acest an gazda conferin\u021bei va fii Departamentul de Fizica , Facultatea de \u0218tiinte a Universit\u0103\u0163ii din Oradea, \u00een perioada<strong> 24 Iulie &#8211; 28 Iulie 2017<\/strong>, la care sunt invita\u0163i at\u00e2t studen\u0163ii fizicieni din diferite centre universitare din \u0163ar\u0103 (Bucure\u0219ti, Craiova, Timi\u0219oara, Cluj, Ia\u0219i, Oradea, Constan\u021ba), cadrele universitare dar si cercet\u0103torii. Domeniile la care participantii pot aplica sunt: \u2022 Fizic\u0103 Teoretic\u0103, Astrofizic\u0103 \u015fi Cosmologie\u2022 Fizic\u0103 Nuclear\u0103, Atomic\u0103 \u015fi Fizica Moleculei\u2022 Fotonic\u0103, Plasm\u0103, Laseri \u015fi Spectroscopie\u2022 Fizica St\u0103rii Condensate\u2022 Fizica P\u0103m\u00e2ntului \u015fi Atmosferei, Protec\u0163ia Mediului\u2022 Fizic\u0103 Medical\u0103 \u015fi Biofizica. \u00censcrierile au loc p\u00e2n\u0103 pe data de 15 iulie. Fiecare centru universitar poate participa cu 10 persoane, a\u0219a c\u0103 dac\u0103 acest num\u0103r este dep\u0103\u0219it, va fi f\u0103cut\u0103 o selec\u021bie. \u00cen cazul \u00een care se vor suplimenta locuri, vor merge \u0219i urm\u0103toarele persoane de pe lista de a\u0219teptare.<\/p>\n\n\n\n<p style=\"font-size:22px\"><span class=\"has-inline-color has-dark-blue-color\">Imagini eveniment<\/span><\/p>\n\n\n\n<figure class=\"wp-block-gallery columns-2 is-cropped wp-block-gallery-1 is-layout-flex wp-block-gallery-is-layout-flex\"><ul class=\"blocks-gallery-grid\"><li class=\"blocks-gallery-item\"><figure><img loading=\"lazy\" decoding=\"async\" width=\"939\" height=\"527\" src=\"http:\/\/cfiz.uoradea.ro\/wp-content\/uploads\/2020\/12\/Picture1.png\" alt=\"\" data-id=\"864\" data-link=\"http:\/\/cfiz.uoradea.ro\/?attachment_id=864\" class=\"wp-image-864\" srcset=\"https:\/\/cfiz.uoradea.ro\/wp-content\/uploads\/2020\/12\/Picture1.png 939w, https:\/\/cfiz.uoradea.ro\/wp-content\/uploads\/2020\/12\/Picture1-300x168.png 300w, https:\/\/cfiz.uoradea.ro\/wp-content\/uploads\/2020\/12\/Picture1-768x431.png 768w, https:\/\/cfiz.uoradea.ro\/wp-content\/uploads\/2020\/12\/Picture1-360x202.png 360w\" sizes=\"auto, (max-width: 939px) 100vw, 939px\" \/><\/figure><\/li><li class=\"blocks-gallery-item\"><figure><img loading=\"lazy\" decoding=\"async\" width=\"939\" height=\"527\" src=\"http:\/\/cfiz.uoradea.ro\/wp-content\/uploads\/2020\/12\/Picture2.png\" alt=\"\" data-id=\"865\" data-link=\"http:\/\/cfiz.uoradea.ro\/?attachment_id=865\" class=\"wp-image-865\" srcset=\"https:\/\/cfiz.uoradea.ro\/wp-content\/uploads\/2020\/12\/Picture2.png 939w, https:\/\/cfiz.uoradea.ro\/wp-content\/uploads\/2020\/12\/Picture2-300x168.png 300w, https:\/\/cfiz.uoradea.ro\/wp-content\/uploads\/2020\/12\/Picture2-768x431.png 768w, https:\/\/cfiz.uoradea.ro\/wp-content\/uploads\/2020\/12\/Picture2-360x202.png 360w\" sizes=\"auto, (max-width: 939px) 100vw, 939px\" \/><\/figure><\/li><li class=\"blocks-gallery-item\"><figure><img loading=\"lazy\" decoding=\"async\" width=\"939\" height=\"527\" src=\"http:\/\/cfiz.uoradea.ro\/wp-content\/uploads\/2020\/12\/Picture3.png\" alt=\"\" data-id=\"866\" data-link=\"http:\/\/cfiz.uoradea.ro\/?attachment_id=866\" class=\"wp-image-866\" srcset=\"https:\/\/cfiz.uoradea.ro\/wp-content\/uploads\/2020\/12\/Picture3.png 939w, https:\/\/cfiz.uoradea.ro\/wp-content\/uploads\/2020\/12\/Picture3-300x168.png 300w, https:\/\/cfiz.uoradea.ro\/wp-content\/uploads\/2020\/12\/Picture3-768x431.png 768w, https:\/\/cfiz.uoradea.ro\/wp-content\/uploads\/2020\/12\/Picture3-360x202.png 360w\" sizes=\"auto, (max-width: 939px) 100vw, 939px\" \/><\/figure><\/li><li class=\"blocks-gallery-item\"><figure><img loading=\"lazy\" decoding=\"async\" width=\"939\" height=\"527\" src=\"http:\/\/cfiz.uoradea.ro\/wp-content\/uploads\/2020\/12\/Picture4.png\" alt=\"\" data-id=\"867\" data-link=\"http:\/\/cfiz.uoradea.ro\/?attachment_id=867\" class=\"wp-image-867\" srcset=\"https:\/\/cfiz.uoradea.ro\/wp-content\/uploads\/2020\/12\/Picture4.png 939w, https:\/\/cfiz.uoradea.ro\/wp-content\/uploads\/2020\/12\/Picture4-300x168.png 300w, https:\/\/cfiz.uoradea.ro\/wp-content\/uploads\/2020\/12\/Picture4-768x431.png 768w, https:\/\/cfiz.uoradea.ro\/wp-content\/uploads\/2020\/12\/Picture4-360x202.png 360w\" sizes=\"auto, (max-width: 939px) 100vw, 939px\" \/><\/figure><\/li><li class=\"blocks-gallery-item\"><figure><img loading=\"lazy\" decoding=\"async\" width=\"939\" height=\"527\" src=\"http:\/\/cfiz.uoradea.ro\/wp-content\/uploads\/2020\/12\/Picture5.png\" alt=\"\" data-id=\"868\" data-link=\"http:\/\/cfiz.uoradea.ro\/?attachment_id=868\" class=\"wp-image-868\" srcset=\"https:\/\/cfiz.uoradea.ro\/wp-content\/uploads\/2020\/12\/Picture5.png 939w, https:\/\/cfiz.uoradea.ro\/wp-content\/uploads\/2020\/12\/Picture5-300x168.png 300w, https:\/\/cfiz.uoradea.ro\/wp-content\/uploads\/2020\/12\/Picture5-768x431.png 768w, https:\/\/cfiz.uoradea.ro\/wp-content\/uploads\/2020\/12\/Picture5-360x202.png 360w\" sizes=\"auto, (max-width: 939px) 100vw, 939px\" \/><\/figure><\/li><li class=\"blocks-gallery-item\"><figure><img loading=\"lazy\" decoding=\"async\" width=\"939\" height=\"527\" src=\"http:\/\/cfiz.uoradea.ro\/wp-content\/uploads\/2020\/12\/Picture6.png\" alt=\"\" data-id=\"870\" data-full-url=\"http:\/\/cfiz.uoradea.ro\/wp-content\/uploads\/2020\/12\/Picture6.png\" data-link=\"http:\/\/cfiz.uoradea.ro\/?attachment_id=870\" class=\"wp-image-870\" srcset=\"https:\/\/cfiz.uoradea.ro\/wp-content\/uploads\/2020\/12\/Picture6.png 939w, https:\/\/cfiz.uoradea.ro\/wp-content\/uploads\/2020\/12\/Picture6-300x168.png 300w, https:\/\/cfiz.uoradea.ro\/wp-content\/uploads\/2020\/12\/Picture6-768x431.png 768w, https:\/\/cfiz.uoradea.ro\/wp-content\/uploads\/2020\/12\/Picture6-360x202.png 360w\" sizes=\"auto, (max-width: 939px) 100vw, 939px\" \/><\/figure><\/li><\/ul><\/figure>\n\n\n\n<p style=\"font-size:22px\">Premierea c\u00e2stig\u0103torilor<\/p>\n\n\n\n<figure class=\"wp-block-gallery columns-1 is-cropped wp-block-gallery-2 is-layout-flex wp-block-gallery-is-layout-flex\"><ul class=\"blocks-gallery-grid\"><li class=\"blocks-gallery-item\"><figure><img loading=\"lazy\" decoding=\"async\" width=\"1024\" height=\"768\" src=\"http:\/\/cfiz.uoradea.ro\/wp-content\/uploads\/2020\/12\/Pentagonul-fac-de-fizica-Oradea-2017-2-1024x768.jpg\" alt=\"\" data-id=\"783\" data-link=\"http:\/\/cfiz.uoradea.ro\/?attachment_id=783\" class=\"wp-image-783\" srcset=\"https:\/\/cfiz.uoradea.ro\/wp-content\/uploads\/2020\/12\/Pentagonul-fac-de-fizica-Oradea-2017-2-1024x768.jpg 1024w, https:\/\/cfiz.uoradea.ro\/wp-content\/uploads\/2020\/12\/Pentagonul-fac-de-fizica-Oradea-2017-2-300x225.jpg 300w, https:\/\/cfiz.uoradea.ro\/wp-content\/uploads\/2020\/12\/Pentagonul-fac-de-fizica-Oradea-2017-2-768x576.jpg 768w, https:\/\/cfiz.uoradea.ro\/wp-content\/uploads\/2020\/12\/Pentagonul-fac-de-fizica-Oradea-2017-2-1600x1200.jpg 1600w, https:\/\/cfiz.uoradea.ro\/wp-content\/uploads\/2020\/12\/Pentagonul-fac-de-fizica-Oradea-2017-2-1536x1152.jpg 1536w, https:\/\/cfiz.uoradea.ro\/wp-content\/uploads\/2020\/12\/Pentagonul-fac-de-fizica-Oradea-2017-2-2048x1536.jpg 2048w, https:\/\/cfiz.uoradea.ro\/wp-content\/uploads\/2020\/12\/Pentagonul-fac-de-fizica-Oradea-2017-2-360x270.jpg 360w\" sizes=\"auto, (max-width: 1024px) 100vw, 1024px\" \/><\/figure><\/li><li class=\"blocks-gallery-item\"><figure><img loading=\"lazy\" decoding=\"async\" width=\"1024\" height=\"768\" src=\"http:\/\/cfiz.uoradea.ro\/wp-content\/uploads\/2020\/12\/Pentagonul-fac-de-fizica-Oradea-2017-1-1024x768.jpg\" alt=\"\" data-id=\"784\" data-link=\"http:\/\/cfiz.uoradea.ro\/?attachment_id=784\" class=\"wp-image-784\" srcset=\"https:\/\/cfiz.uoradea.ro\/wp-content\/uploads\/2020\/12\/Pentagonul-fac-de-fizica-Oradea-2017-1-1024x768.jpg 1024w, https:\/\/cfiz.uoradea.ro\/wp-content\/uploads\/2020\/12\/Pentagonul-fac-de-fizica-Oradea-2017-1-300x225.jpg 300w, https:\/\/cfiz.uoradea.ro\/wp-content\/uploads\/2020\/12\/Pentagonul-fac-de-fizica-Oradea-2017-1-768x576.jpg 768w, https:\/\/cfiz.uoradea.ro\/wp-content\/uploads\/2020\/12\/Pentagonul-fac-de-fizica-Oradea-2017-1-1600x1200.jpg 1600w, https:\/\/cfiz.uoradea.ro\/wp-content\/uploads\/2020\/12\/Pentagonul-fac-de-fizica-Oradea-2017-1-1536x1152.jpg 1536w, https:\/\/cfiz.uoradea.ro\/wp-content\/uploads\/2020\/12\/Pentagonul-fac-de-fizica-Oradea-2017-1-2048x1536.jpg 2048w, https:\/\/cfiz.uoradea.ro\/wp-content\/uploads\/2020\/12\/Pentagonul-fac-de-fizica-Oradea-2017-1-360x270.jpg 360w\" sizes=\"auto, (max-width: 1024px) 100vw, 1024px\" \/><\/figure><\/li><li class=\"blocks-gallery-item\"><figure><img loading=\"lazy\" decoding=\"async\" width=\"1024\" height=\"768\" src=\"http:\/\/cfiz.uoradea.ro\/wp-content\/uploads\/2020\/12\/Pentagonul-fac-de-fizica-Oradea-2017-3-1024x768.jpg\" alt=\"\" data-id=\"785\" data-full-url=\"http:\/\/cfiz.uoradea.ro\/wp-content\/uploads\/2020\/12\/Pentagonul-fac-de-fizica-Oradea-2017-3-scaled.jpg\" data-link=\"http:\/\/cfiz.uoradea.ro\/?attachment_id=785\" class=\"wp-image-785\" srcset=\"https:\/\/cfiz.uoradea.ro\/wp-content\/uploads\/2020\/12\/Pentagonul-fac-de-fizica-Oradea-2017-3-1024x768.jpg 1024w, https:\/\/cfiz.uoradea.ro\/wp-content\/uploads\/2020\/12\/Pentagonul-fac-de-fizica-Oradea-2017-3-300x225.jpg 300w, https:\/\/cfiz.uoradea.ro\/wp-content\/uploads\/2020\/12\/Pentagonul-fac-de-fizica-Oradea-2017-3-768x576.jpg 768w, https:\/\/cfiz.uoradea.ro\/wp-content\/uploads\/2020\/12\/Pentagonul-fac-de-fizica-Oradea-2017-3-1600x1200.jpg 1600w, https:\/\/cfiz.uoradea.ro\/wp-content\/uploads\/2020\/12\/Pentagonul-fac-de-fizica-Oradea-2017-3-1536x1152.jpg 1536w, https:\/\/cfiz.uoradea.ro\/wp-content\/uploads\/2020\/12\/Pentagonul-fac-de-fizica-Oradea-2017-3-2048x1536.jpg 2048w, https:\/\/cfiz.uoradea.ro\/wp-content\/uploads\/2020\/12\/Pentagonul-fac-de-fizica-Oradea-2017-3-360x270.jpg 360w\" sizes=\"auto, (max-width: 1024px) 100vw, 1024px\" \/><\/figure><\/li><\/ul><\/figure>\n\n\n\n<p>Student party la final (ziua de na\u0219tere a lui Raluca Maghiar -student\u0103 \u00een anul II) <\/p>\n\n\n\n<figure class=\"wp-block-gallery columns-1 is-cropped wp-block-gallery-3 is-layout-flex wp-block-gallery-is-layout-flex\"><ul class=\"blocks-gallery-grid\"><li class=\"blocks-gallery-item\"><figure><img loading=\"lazy\" decoding=\"async\" width=\"1024\" height=\"576\" src=\"http:\/\/cfiz.uoradea.ro\/wp-content\/uploads\/2020\/12\/Pentagonul-Fac-de-Fizica-Oradea-2017-1024x576.jpg\" alt=\"\" data-id=\"786\" data-full-url=\"http:\/\/cfiz.uoradea.ro\/wp-content\/uploads\/2020\/12\/Pentagonul-Fac-de-Fizica-Oradea-2017.jpg\" data-link=\"http:\/\/cfiz.uoradea.ro\/?attachment_id=786\" class=\"wp-image-786\" srcset=\"https:\/\/cfiz.uoradea.ro\/wp-content\/uploads\/2020\/12\/Pentagonul-Fac-de-Fizica-Oradea-2017-1024x576.jpg 1024w, https:\/\/cfiz.uoradea.ro\/wp-content\/uploads\/2020\/12\/Pentagonul-Fac-de-Fizica-Oradea-2017-300x169.jpg 300w, https:\/\/cfiz.uoradea.ro\/wp-content\/uploads\/2020\/12\/Pentagonul-Fac-de-Fizica-Oradea-2017-768x432.jpg 768w, https:\/\/cfiz.uoradea.ro\/wp-content\/uploads\/2020\/12\/Pentagonul-Fac-de-Fizica-Oradea-2017-1600x900.jpg 1600w, https:\/\/cfiz.uoradea.ro\/wp-content\/uploads\/2020\/12\/Pentagonul-Fac-de-Fizica-Oradea-2017-1536x864.jpg 1536w, https:\/\/cfiz.uoradea.ro\/wp-content\/uploads\/2020\/12\/Pentagonul-Fac-de-Fizica-Oradea-2017-360x203.jpg 360w, https:\/\/cfiz.uoradea.ro\/wp-content\/uploads\/2020\/12\/Pentagonul-Fac-de-Fizica-Oradea-2017.jpg 1920w\" sizes=\"auto, (max-width: 1024px) 100vw, 1024px\" \/><\/figure><\/li><\/ul><\/figure>\n","protected":false},"excerpt":{"rendered":"<p>Proiectul &#8220;Pentagonul Facult\u0103\u0163ilor Fizic\u0103&#8221;, aflat \u00een acest an la a V-a edi\u0163ie, a luat fiin\u0163\u0103 din dorin\u0163a de a oferi \u015fansa tuturor celor afla\u0163i la un \u00eenceput de carier\u0103 \u00een cercetare de a fi \u00eentr-o legatur\u0103 str\u00e2ns\u0103 cu aspectele \u015fi <a href=\"https:\/\/cfiz.uoradea.ro\/?page_id=782\" class=\"read-more\">Read More &#8230;<\/a><\/p>\n","protected":false},"author":1,"featured_media":0,"parent":0,"menu_order":0,"comment_status":"closed","ping_status":"closed","template":"","meta":{"footnotes":""},"class_list":["post-782","page","type-page","status-publish","hentry"],"_links":{"self":[{"href":"https:\/\/cfiz.uoradea.ro\/index.php?rest_route=\/wp\/v2\/pages\/782","targetHints":{"allow":["GET"]}}],"collection":[{"href":"https:\/\/cfiz.uoradea.ro\/index.php?rest_route=\/wp\/v2\/pages"}],"about":[{"href":"https:\/\/cfiz.uoradea.ro\/index.php?rest_route=\/wp\/v2\/types\/page"}],"author":[{"embeddable":true,"href":"https:\/\/cfiz.uoradea.ro\/index.php?rest_route=\/wp\/v2\/users\/1"}],"replies":[{"embeddable":true,"href":"https:\/\/cfiz.uoradea.ro\/index.php?rest_route=%2Fwp%2Fv2%2Fcomments&post=782"}],"version-history":[{"count":2,"href":"https:\/\/cfiz.uoradea.ro\/index.php?rest_route=\/wp\/v2\/pages\/782\/revisions"}],"predecessor-version":[{"id":871,"href":"https:\/\/cfiz.uoradea.ro\/index.php?rest_route=\/wp\/v2\/pages\/782\/revisions\/871"}],"wp:attachment":[{"href":"https:\/\/cfiz.uoradea.ro\/index.php?rest_route=%2Fwp%2Fv2%2Fmedia&parent=782"}],"curies":[{"name":"wp","href":"https:\/\/api.w.org\/{rel}","templated":true}]}}