{"id":769,"date":"2020-12-18T20:44:31","date_gmt":"2020-12-18T20:44:31","guid":{"rendered":"http:\/\/cfiz.uoradea.ro\/?page_id=769"},"modified":"2020-12-18T20:44:33","modified_gmt":"2020-12-18T20:44:33","slug":"noaptea-cercetatorilor-editia-2018","status":"publish","type":"page","link":"https:\/\/cfiz.uoradea.ro\/?page_id=769","title":{"rendered":"Noaptea Cercet\u0103torilor  Edi\u021bia 2018"},"content":{"rendered":"\n<div class=\"wp-block-columns is-layout-flex wp-container-core-columns-is-layout-9d6595d7 wp-block-columns-is-layout-flex\">\n<div class=\"wp-block-column is-layout-flow wp-block-column-is-layout-flow\">\n<figure class=\"wp-block-image size-large\"><img loading=\"lazy\" decoding=\"async\" width=\"640\" height=\"880\" src=\"http:\/\/cfiz.uoradea.ro\/wp-content\/uploads\/2020\/12\/dl4846.jpeg\" alt=\"\" class=\"wp-image-770\" srcset=\"https:\/\/cfiz.uoradea.ro\/wp-content\/uploads\/2020\/12\/dl4846.jpeg 640w, https:\/\/cfiz.uoradea.ro\/wp-content\/uploads\/2020\/12\/dl4846-218x300.jpeg 218w, https:\/\/cfiz.uoradea.ro\/wp-content\/uploads\/2020\/12\/dl4846-196x270.jpeg 196w\" sizes=\"auto, (max-width: 640px) 100vw, 640px\" \/><\/figure>\n<\/div>\n\n\n\n<div class=\"wp-block-column is-layout-flow wp-block-column-is-layout-flow\">\n<p>Ca alte ora\u0219e de renume, Oradea va fi gazda unor experimente inedite, prezent\u0103ri interactive, activit\u0103\u021bi educative pentru copii \u0219i adolescen\u021bi, concursuri \u015fi multe alte activit\u0103\u021bi care vor \u00eembina \u0219tiin\u021ba cu \u00eenv\u0103\u021barea \u0219i promovarea \u0219tiin\u021belor ca o direc\u021bie de urmat pentru noile genera\u021bii.<\/p>\n\n\n\n<p>Evenimentul va avea loc \u00eentre\u00a0<em><strong>orele 17.00 &#8211; 22.00 la Sala Polivalent\u0103 a Universit\u0103\u021bii din Oradea<\/strong><\/em> \u0219i este destinat simultan copiilor \u0219i adul\u021bilor pasiona\u021bi de \u0219tiin\u021b\u0103, care nu vor s\u0103 rateze momentele \u00een care cercet\u0103torii vin s\u0103 prezinte publicului cele mai noi descoperiri din laboratoare, inven\u021bii \u0219i proiecte din astronomie, biologie, chimie, inginerie sau antropologie. Vor avea loc demonstra\u021bii spectaculoase \u0219i concursuri cu premii pentru a recompensa creativitatea vizitatorilor.<\/p>\n\n\n\n<p>Noaptea Cercet\u0103torilor Europeni face parte din seria de evenimente finan\u021bate de c\u0103tre Comisia European\u0103 prin Programul Cadru de Cercetare \u0219i Inovare H2020, ac\u021biunile Marie Sklodowska-Curie (MSCA) \u0219i \u00ee\u0219i propune s\u0103 arate publicului ce \u00eenseamn\u0103 s\u0103 fii cercet\u0103tor \u0219i c\u00e2t de interesant\u0103 poate fi munca de cercetare.<\/p>\n<\/div>\n<\/div>\n\n\n\n<p>\u00cen Rom\u00e2nia, prima edi\u0163ie a avut loc \u00een 2005, \u00een timp ce la Oradea, evenimentul a debutat \u00een anul 2013. De la \u00eenceputuri p\u00e2n\u0103 \u00een prezent, Noaptea Cercet\u0103torilor a num\u0103rat peste 1,1 milioane de vizitatori. Edi\u021bia din 2017 a atras \u00een Rom\u00e2nia peste 35.000 de vizitatori.<\/p>\n\n\n\n<p>Noaptea Cercet\u0103torilor ofer\u0103 oamenilor de \u0219tiin\u021b\u0103 posibilitatea de a se conecta cu publicul, iar publicului, oportunitatea de a descoperi lumea \u0219tiin\u021bei \u0219i oamenii din spatele experimentelor inedite.<\/p>\n\n\n\n<p>Proiectul se adreseaz\u0103 min\u021bilor curioase, de la entuzia\u0219ti la sceptici, oferind o gam\u0103 larg\u0103 de activit\u0103\u021bi \u0219tiin\u021bifice \u0219i educa\u021bionale. Pe termen lung, evenimentul \u00ee\u0219i propune s\u0103 atrag\u0103 noile genera\u021bii c\u0103tre munca de cercetare \u0219i activare profesional\u0103 \u00een acest domeniu, \u00een interiorul Uniunii Europene \u0219i cre\u0219te respectul publicului larg fa\u021b\u0103 de munca nev\u0103zut\u0103 a cercet\u0103torilor. <\/p>\n\n\n\n<p style=\"font-size:25px\">Imagini de la eveniment<\/p>\n\n\n\n<figure class=\"wp-block-gallery columns-1 is-cropped wp-block-gallery-1 is-layout-flex wp-block-gallery-is-layout-flex\"><ul class=\"blocks-gallery-grid\"><li class=\"blocks-gallery-item\"><figure><img loading=\"lazy\" decoding=\"async\" width=\"1024\" height=\"768\" src=\"http:\/\/cfiz.uoradea.ro\/wp-content\/uploads\/2020\/12\/Noaptea-cercetatorilor-2018-1-1024x768.jpg\" alt=\"\" data-id=\"773\" data-link=\"http:\/\/cfiz.uoradea.ro\/?attachment_id=773\" class=\"wp-image-773\" srcset=\"https:\/\/cfiz.uoradea.ro\/wp-content\/uploads\/2020\/12\/Noaptea-cercetatorilor-2018-1-1024x768.jpg 1024w, https:\/\/cfiz.uoradea.ro\/wp-content\/uploads\/2020\/12\/Noaptea-cercetatorilor-2018-1-300x225.jpg 300w, https:\/\/cfiz.uoradea.ro\/wp-content\/uploads\/2020\/12\/Noaptea-cercetatorilor-2018-1-768x576.jpg 768w, https:\/\/cfiz.uoradea.ro\/wp-content\/uploads\/2020\/12\/Noaptea-cercetatorilor-2018-1-1600x1200.jpg 1600w, https:\/\/cfiz.uoradea.ro\/wp-content\/uploads\/2020\/12\/Noaptea-cercetatorilor-2018-1-1536x1152.jpg 1536w, https:\/\/cfiz.uoradea.ro\/wp-content\/uploads\/2020\/12\/Noaptea-cercetatorilor-2018-1-2048x1536.jpg 2048w, https:\/\/cfiz.uoradea.ro\/wp-content\/uploads\/2020\/12\/Noaptea-cercetatorilor-2018-1-360x270.jpg 360w\" sizes=\"auto, (max-width: 1024px) 100vw, 1024px\" \/><\/figure><\/li><li class=\"blocks-gallery-item\"><figure><img loading=\"lazy\" decoding=\"async\" width=\"768\" height=\"1024\" src=\"http:\/\/cfiz.uoradea.ro\/wp-content\/uploads\/2020\/12\/Noaptea-cercetatorilor-2018-2-768x1024.jpg\" alt=\"\" data-id=\"774\" data-link=\"http:\/\/cfiz.uoradea.ro\/?attachment_id=774\" class=\"wp-image-774\" srcset=\"https:\/\/cfiz.uoradea.ro\/wp-content\/uploads\/2020\/12\/Noaptea-cercetatorilor-2018-2-768x1024.jpg 768w, https:\/\/cfiz.uoradea.ro\/wp-content\/uploads\/2020\/12\/Noaptea-cercetatorilor-2018-2-225x300.jpg 225w, https:\/\/cfiz.uoradea.ro\/wp-content\/uploads\/2020\/12\/Noaptea-cercetatorilor-2018-2-1600x2133.jpg 1600w, https:\/\/cfiz.uoradea.ro\/wp-content\/uploads\/2020\/12\/Noaptea-cercetatorilor-2018-2-1152x1536.jpg 1152w, https:\/\/cfiz.uoradea.ro\/wp-content\/uploads\/2020\/12\/Noaptea-cercetatorilor-2018-2-1536x2048.jpg 1536w, https:\/\/cfiz.uoradea.ro\/wp-content\/uploads\/2020\/12\/Noaptea-cercetatorilor-2018-2-203x270.jpg 203w, https:\/\/cfiz.uoradea.ro\/wp-content\/uploads\/2020\/12\/Noaptea-cercetatorilor-2018-2-scaled.jpg 1920w\" sizes=\"auto, (max-width: 768px) 100vw, 768px\" \/><\/figure><\/li><li class=\"blocks-gallery-item\"><figure><img loading=\"lazy\" decoding=\"async\" width=\"1024\" height=\"768\" src=\"http:\/\/cfiz.uoradea.ro\/wp-content\/uploads\/2020\/12\/Noaptea-cercetatorilor-2018-3-1-1024x768.jpg\" alt=\"\" data-id=\"776\" data-full-url=\"http:\/\/cfiz.uoradea.ro\/wp-content\/uploads\/2020\/12\/Noaptea-cercetatorilor-2018-3-1-scaled.jpg\" data-link=\"http:\/\/cfiz.uoradea.ro\/?attachment_id=776\" class=\"wp-image-776\" srcset=\"https:\/\/cfiz.uoradea.ro\/wp-content\/uploads\/2020\/12\/Noaptea-cercetatorilor-2018-3-1-1024x768.jpg 1024w, https:\/\/cfiz.uoradea.ro\/wp-content\/uploads\/2020\/12\/Noaptea-cercetatorilor-2018-3-1-300x225.jpg 300w, https:\/\/cfiz.uoradea.ro\/wp-content\/uploads\/2020\/12\/Noaptea-cercetatorilor-2018-3-1-768x576.jpg 768w, https:\/\/cfiz.uoradea.ro\/wp-content\/uploads\/2020\/12\/Noaptea-cercetatorilor-2018-3-1-1600x1200.jpg 1600w, https:\/\/cfiz.uoradea.ro\/wp-content\/uploads\/2020\/12\/Noaptea-cercetatorilor-2018-3-1-1536x1152.jpg 1536w, https:\/\/cfiz.uoradea.ro\/wp-content\/uploads\/2020\/12\/Noaptea-cercetatorilor-2018-3-1-2048x1536.jpg 2048w, https:\/\/cfiz.uoradea.ro\/wp-content\/uploads\/2020\/12\/Noaptea-cercetatorilor-2018-3-1-360x270.jpg 360w\" sizes=\"auto, (max-width: 1024px) 100vw, 1024px\" \/><\/figure><\/li><\/ul><\/figure>\n\n\n\n<p><\/p>\n","protected":false},"excerpt":{"rendered":"<p>Ca alte ora\u0219e de renume, Oradea va fi gazda unor experimente inedite, prezent\u0103ri interactive, activit\u0103\u021bi educative pentru copii \u0219i adolescen\u021bi, concursuri \u015fi multe alte activit\u0103\u021bi care vor \u00eembina \u0219tiin\u021ba cu \u00eenv\u0103\u021barea \u0219i promovarea \u0219tiin\u021belor ca o direc\u021bie de urmat pentru <a href=\"https:\/\/cfiz.uoradea.ro\/?page_id=769\" class=\"read-more\">Read More &#8230;<\/a><\/p>\n","protected":false},"author":1,"featured_media":0,"parent":0,"menu_order":0,"comment_status":"closed","ping_status":"closed","template":"","meta":{"footnotes":""},"class_list":["post-769","page","type-page","status-publish","hentry"],"_links":{"self":[{"href":"https:\/\/cfiz.uoradea.ro\/index.php?rest_route=\/wp\/v2\/pages\/769","targetHints":{"allow":["GET"]}}],"collection":[{"href":"https:\/\/cfiz.uoradea.ro\/index.php?rest_route=\/wp\/v2\/pages"}],"about":[{"href":"https:\/\/cfiz.uoradea.ro\/index.php?rest_route=\/wp\/v2\/types\/page"}],"author":[{"embeddable":true,"href":"https:\/\/cfiz.uoradea.ro\/index.php?rest_route=\/wp\/v2\/users\/1"}],"replies":[{"embeddable":true,"href":"https:\/\/cfiz.uoradea.ro\/index.php?rest_route=%2Fwp%2Fv2%2Fcomments&post=769"}],"version-history":[{"count":3,"href":"https:\/\/cfiz.uoradea.ro\/index.php?rest_route=\/wp\/v2\/pages\/769\/revisions"}],"predecessor-version":[{"id":778,"href":"https:\/\/cfiz.uoradea.ro\/index.php?rest_route=\/wp\/v2\/pages\/769\/revisions\/778"}],"wp:attachment":[{"href":"https:\/\/cfiz.uoradea.ro\/index.php?rest_route=%2Fwp%2Fv2%2Fmedia&parent=769"}],"curies":[{"name":"wp","href":"https:\/\/api.w.org\/{rel}","templated":true}]}}