{"id":746,"date":"2020-12-18T19:48:34","date_gmt":"2020-12-18T19:48:34","guid":{"rendered":"http:\/\/cfiz.uoradea.ro\/?page_id=746"},"modified":"2021-02-03T19:05:01","modified_gmt":"2021-02-03T19:05:01","slug":"conferinte-si-concursuri-studentesti","status":"publish","type":"page","link":"https:\/\/cfiz.uoradea.ro\/?page_id=746","title":{"rendered":"Conferin\u021be"},"content":{"rendered":"\n<figure class=\"wp-block-table is-style-stripes\"><table><thead><tr><th class=\"has-text-align-left\" data-align=\"left\">Conferin\u021ba sau concurs<\/th><th class=\"has-text-align-left\" data-align=\"left\">Perioada de desf\u0103\u0219urare<\/th><\/tr><\/thead><tbody><tr><td class=\"has-text-align-left\" data-align=\"left\"><a href=\"http:\/\/cfiz.uoradea.ro\/?page_id=760\">Noaptea cercetatorilor Edi\u021bia 2020<\/a><\/td><td class=\"has-text-align-left\" data-align=\"left\">27 Noiembrie 2020<\/td><\/tr><tr><td class=\"has-text-align-left\" data-align=\"left\"><span class=\"has-inline-color has-dark-blue-color\"><a href=\"http:\/\/cfiz.uoradea.ro\/?page_id=741\">Conferin\u0163a Na\u0163ional\u0103 de Fizic\u0103 Medical\u0103 &#8211; Edi\u021bia XVIII-a<\/a><\/span><\/td><td class=\"has-text-align-left\" data-align=\"left\">7 Noiembrie 2020<\/td><\/tr><tr><td class=\"has-text-align-left\" data-align=\"left\"><a href=\"http:\/\/cfiz.uoradea.ro\/?page_id=854\">Noaptea cercetatorilor Edi\u021bia 2019<\/a><\/td><td class=\"has-text-align-left\" data-align=\"left\">27 Septembrie 2019<\/td><\/tr><tr><td class=\"has-text-align-left\" data-align=\"left\"><a href=\"http:\/\/cfiz.uoradea.ro\/?page_id=769\">Noaptea cercetatorilor Edi\u021bia 2018 <\/a><\/td><td class=\"has-text-align-left\" data-align=\"left\">28 Septembrie 2018        <\/td><\/tr><tr><td class=\"has-text-align-left\" data-align=\"left\"><a href=\"http:\/\/cfiz.uoradea.ro\/?page_id=782\">Pentagonul fizicii Edi\u021bia 2017<\/a> <\/td><td class=\"has-text-align-left\" data-align=\"left\">24 Iulie &#8211; 28 Iulie 2017<\/td><\/tr><tr><td class=\"has-text-align-left\" data-align=\"left\"><\/td><td class=\"has-text-align-left\" data-align=\"left\"><\/td><\/tr><\/tbody><\/table><\/figure>\n\n\n\n<p><\/p>\n","protected":false},"excerpt":{"rendered":"<p>Conferin\u021ba sau concurs Perioada de desf\u0103\u0219urare Noaptea cercetatorilor Edi\u021bia 2020 27 Noiembrie 2020 Conferin\u0163a Na\u0163ional\u0103 de Fizic\u0103 Medical\u0103 &#8211; Edi\u021bia XVIII-a 7 Noiembrie 2020 Noaptea cercetatorilor Edi\u021bia 2019 27 Septembrie 2019 Noaptea cercetatorilor Edi\u021bia 2018 28 Septembrie 2018 Pentagonul fizicii <a href=\"https:\/\/cfiz.uoradea.ro\/?page_id=746\" class=\"read-more\">Read More &#8230;<\/a><\/p>\n","protected":false},"author":1,"featured_media":0,"parent":0,"menu_order":0,"comment_status":"closed","ping_status":"closed","template":"","meta":{"footnotes":""},"class_list":["post-746","page","type-page","status-publish","hentry"],"_links":{"self":[{"href":"https:\/\/cfiz.uoradea.ro\/index.php?rest_route=\/wp\/v2\/pages\/746","targetHints":{"allow":["GET"]}}],"collection":[{"href":"https:\/\/cfiz.uoradea.ro\/index.php?rest_route=\/wp\/v2\/pages"}],"about":[{"href":"https:\/\/cfiz.uoradea.ro\/index.php?rest_route=\/wp\/v2\/types\/page"}],"author":[{"embeddable":true,"href":"https:\/\/cfiz.uoradea.ro\/index.php?rest_route=\/wp\/v2\/users\/1"}],"replies":[{"embeddable":true,"href":"https:\/\/cfiz.uoradea.ro\/index.php?rest_route=%2Fwp%2Fv2%2Fcomments&post=746"}],"version-history":[{"count":14,"href":"https:\/\/cfiz.uoradea.ro\/index.php?rest_route=\/wp\/v2\/pages\/746\/revisions"}],"predecessor-version":[{"id":1154,"href":"https:\/\/cfiz.uoradea.ro\/index.php?rest_route=\/wp\/v2\/pages\/746\/revisions\/1154"}],"wp:attachment":[{"href":"https:\/\/cfiz.uoradea.ro\/index.php?rest_route=%2Fwp%2Fv2%2Fmedia&parent=746"}],"curies":[{"name":"wp","href":"https:\/\/api.w.org\/{rel}","templated":true}]}}