{"id":478,"date":"2020-12-07T17:59:53","date_gmt":"2020-12-07T17:59:53","guid":{"rendered":"http:\/\/cfiz.uoradea.ro\/?page_id=478"},"modified":"2021-02-03T18:55:00","modified_gmt":"2021-02-03T18:55:00","slug":"planul-de-invatamant-fetb","status":"publish","type":"page","link":"https:\/\/cfiz.uoradea.ro\/?page_id=478","title":{"rendered":"FETB  (Master)"},"content":{"rendered":"\n<p>Programul nostru  de master de Fizica Explor\u0103rilor si Terapiilor Biomedicale (FETB)  este conceput pentru a satisface nevoile at\u00e2t ale profesioni\u0219tilor care caut\u0103 avansare \u00een carier\u0103, c\u00e2t \u0219i ale studen\u021bilor care doresc s\u0103 continue studiile de licen\u021ba spre doctorat. Programul nostru pune accentul pe fizica medical\u0103, dar sunt disponibile oportunit\u0103\u021bi de cercetare \u00een \u0219tiin\u021ba fundamental\u0103. <\/p>\n\n\n\n<p>De mentionalt ca orele de curs convenabile pentru to\u021bi studen\u021bii. La actuirea orarului \u021binem cont de cerin\u021bele acestora \u0219i orele pentru cursuri si pentru seminarii\/laboratoare sunt alese astfel \u00eenc\u00e2t s\u0103 satisfacem nevoile studen\u021bilor care sunt \u0219i angaja\u021bi. <\/p>\n\n\n\n<p>Timpul mediu de absolvire pentru programul nostru este de patru semestre, lista de cursuri fundamentale fiind cea de mai jos<\/p>\n\n\n\n<div class=\"wp-block-columns is-layout-flex wp-container-core-columns-is-layout-9d6595d7 wp-block-columns-is-layout-flex\">\n<div class=\"wp-block-column is-layout-flow wp-block-column-is-layout-flow\">\n<figure class=\"wp-block-table is-style-stripes\"><table><tbody><tr><td class=\"has-text-align-center\" data-align=\"center\">Anul I <br><br>Biofizic\u0103 medical\u0103<br>Fizica radia\u0163iilor<br>Acceleratori de particule. Producerea radia\u0163iilor \u015fi izotopurilor<br>Biomateriale<br>Etic\u0103 \u015fi integritate \u00een cercetarea \u015ftiin\u0163ific\u0103<br>Optic\u0103 medical\u0103<br>Laseri. Utilizare \u00een biologie \u015fi medicin\u0103<br>Radiobiologie<br>Principiile fizice ale fizioterapiei \u015fi terapiilor complementare<br><\/td><\/tr><\/tbody><\/table><\/figure>\n<\/div>\n\n\n\n<div class=\"wp-block-column is-layout-flow wp-block-column-is-layout-flow\">\n<figure class=\"wp-block-table is-style-stripes\"><table><tbody><tr><td class=\"has-text-align-center\" data-align=\"center\">Anul II<br><br>Imagistic\u0103 prin rezonan\u0163\u0103 magnetic\u0103<br>Radiologie \u015fi imagistic\u0103 prin CT \u015fi PET<br>Radioterapie<br>Practic\u0103 de cercetare<br>Trasori radioactivi. Aplica\u0163ii \u00een studiul proceselor fizice \u015fi biologice<br>Imagistic\u0103 func\u0163ional\u0103<br>Asigurarea calit\u0103\u0163ii \u00een radiodiagnostic \u015fi radioterapie<br>Elaborarea diserta\u0163iei<\/td><\/tr><\/tbody><\/table><\/figure>\n<\/div>\n<\/div>\n\n\n\n<p> \u00centreg planul de \u00eenv\u0103\u021b\u0103m\u00e2nt \u00eempreuna cu numarul de ore de curs, seminarii \u0219i laboratoare este disponibil pentru a fi consultat aici<\/p>\n\n\n\n<div class=\"wp-block-file\"><a href=\"http:\/\/cfiz.uoradea.ro\/wp-content\/uploads\/2021\/01\/Planuri-invatamant-FETB-2020-2021.pdf\" target=\"_blank\" rel=\"noreferrer noopener\">Planuri invatamant FETB 2020-2021<\/a><a href=\"http:\/\/cfiz.uoradea.ro\/wp-content\/uploads\/2021\/01\/Planuri-invatamant-FETB-2020-2021.pdf\" class=\"wp-block-file__button\" download>Download<\/a><\/div>\n\n\n\n<p><\/p>\n","protected":false},"excerpt":{"rendered":"<p>Programul nostru de master de Fizica Explor\u0103rilor si Terapiilor Biomedicale (FETB) este conceput pentru a satisface nevoile at\u00e2t ale profesioni\u0219tilor care caut\u0103 avansare \u00een carier\u0103, c\u00e2t \u0219i ale studen\u021bilor care doresc s\u0103 continue studiile de licen\u021ba spre doctorat. Programul nostru <a href=\"https:\/\/cfiz.uoradea.ro\/?page_id=478\" class=\"read-more\">Read More &#8230;<\/a><\/p>\n","protected":false},"author":1,"featured_media":0,"parent":0,"menu_order":0,"comment_status":"closed","ping_status":"closed","template":"","meta":{"footnotes":""},"class_list":["post-478","page","type-page","status-publish","hentry"],"_links":{"self":[{"href":"https:\/\/cfiz.uoradea.ro\/index.php?rest_route=\/wp\/v2\/pages\/478","targetHints":{"allow":["GET"]}}],"collection":[{"href":"https:\/\/cfiz.uoradea.ro\/index.php?rest_route=\/wp\/v2\/pages"}],"about":[{"href":"https:\/\/cfiz.uoradea.ro\/index.php?rest_route=\/wp\/v2\/types\/page"}],"author":[{"embeddable":true,"href":"https:\/\/cfiz.uoradea.ro\/index.php?rest_route=\/wp\/v2\/users\/1"}],"replies":[{"embeddable":true,"href":"https:\/\/cfiz.uoradea.ro\/index.php?rest_route=%2Fwp%2Fv2%2Fcomments&post=478"}],"version-history":[{"count":9,"href":"https:\/\/cfiz.uoradea.ro\/index.php?rest_route=\/wp\/v2\/pages\/478\/revisions"}],"predecessor-version":[{"id":1144,"href":"https:\/\/cfiz.uoradea.ro\/index.php?rest_route=\/wp\/v2\/pages\/478\/revisions\/1144"}],"wp:attachment":[{"href":"https:\/\/cfiz.uoradea.ro\/index.php?rest_route=%2Fwp%2Fv2%2Fmedia&parent=478"}],"curies":[{"name":"wp","href":"https:\/\/api.w.org\/{rel}","templated":true}]}}