{"id":459,"date":"2020-12-07T17:52:15","date_gmt":"2020-12-07T17:52:15","guid":{"rendered":"http:\/\/cfiz.uoradea.ro\/?page_id=459"},"modified":"2021-01-31T20:54:18","modified_gmt":"2021-01-31T20:54:18","slug":"planul-de-invatamant-fizica-medicala","status":"publish","type":"page","link":"https:\/\/cfiz.uoradea.ro\/?page_id=459","title":{"rendered":"Fizica Medicala  (Licen\u021b\u0103)"},"content":{"rendered":"\n<p>Studiile de licen\u021b\u0103 \u00een fizica medical\u0103 ofer\u0103 o flexibile \u00een planificarea carierei dar \u0219i  oportunit\u0103\u021bi de cercetare cu cadre didactice din facultate. Departament de fizic\u0103 este relativ mic iar profesorii \u0219i personalul auxiliar \u00eei cunosc personal pe studen\u021bi. Ace\u0219tia pot socializa \u0219i studia \u00eempreun\u0103 cu colegii lor din ani mai mari.  Media de absolvire este  \u00een jur de 20 de studen\u021bi \u00een fiecare an. Nu ezita\u021bi s\u0103 ne contacta\u021bi pentru a programa o vizit\u0103 sau a pentru a v\u0103 informa mai \u00een detaliu despre acest\u0103 oportunitate. Trimite\u021bi un e-mail lui <a href=\"http:\/\/cfiz.uoradea.ro\/?page_id=108\">Todera\u0219 Monica<\/a>, directorul de departmanent de fizica sau oricaruia dintre colegii de la departament.  Pentru discu\u021bii  despre o posibil\u0103 carier\u0103 \u00een fizica medicala, v\u0103 st\u0103m oric\u00e2nd la dispozi\u021bie. <\/p>\n\n\n\n<p>Programul nostru de licen\u021b\u0103  \u00een fizica medical\u0103 este organizat pe o perioad\u00e2 de 3 ani  \u00een jurul unui nucleu de cursuri fundamentale<\/p>\n\n\n\n<div class=\"wp-block-columns is-layout-flex wp-container-core-columns-is-layout-9d6595d7 wp-block-columns-is-layout-flex\">\n<div class=\"wp-block-column is-layout-flow wp-block-column-is-layout-flow\">\n<figure class=\"wp-block-table is-style-stripes\"><table class=\"has-subtle-pale-blue-background-color has-background\"><tbody><tr><td class=\"has-text-align-center\" data-align=\"center\">Anul I<br><br>Mecanic\u0103<br>Fizic\u0103 molecular\u0103 \u015fi c\u0103ldur\u0103<br>Informatic\u0103&nbsp;<br>Analiz\u0103 matematic\u0103 \u015fi algebr\u0103<br>Limba englez\u0103<br>Optic\u0103<br>Electricitate \u015fi magnetism<br>Fizica atomului \u015fi moleculei<br>Oscila\u021bii \u0219i unde<br>Practic\u0103 de specialitate I<br>Limba englez\u0103 <\/td><\/tr><\/tbody><\/table><\/figure>\n<\/div>\n\n\n\n<div class=\"wp-block-column is-layout-flow wp-block-column-is-layout-flow\">\n<figure class=\"wp-block-table is-style-stripes\"><table><tbody><tr><td class=\"has-text-align-center\" data-align=\"center\">Anul II<br><br>Anatomia \u015fi fiziologia omului<br>Biochimie<br>Biofizic\u0103 general\u0103<br>Fizica nucleului<br>Electrodinamic\u0103<br>Mecanic\u0103 cuantic\u0103<br>Practic\u0103 de specialitate<br>Limba englez\u0103<br><br><br><\/td><\/tr><\/tbody><\/table><\/figure>\n<\/div>\n<\/div>\n\n\n\n<div class=\"wp-block-columns is-layout-flex wp-container-core-columns-is-layout-9d6595d7 wp-block-columns-is-layout-flex\">\n<div class=\"wp-block-column is-layout-flow wp-block-column-is-layout-flow\">\n<figure class=\"wp-block-table is-style-stripes\"><table><tbody><tr><td class=\"has-text-align-center\" data-align=\"center\">Anul III<br><br>Termodinamic\u0103 \u015fi fizic\u0103 statistic\u0103<br>Aparatur\u0103 medical\u0103<br>Electronic\u0103<br>Detectori. Dozimetrie \u015fi radioprotec\u0163ie<br>Fizica solidului \u015fi semiconductori<br>Tehnici de diagnoz\u0103 \u0219i tratament cu ultrasunete<br>Modelarea numeric\u0103 \u015fi analogic\u0103 a proceselor biologice<br>Elaborare lucrare de licen\u0163\u0103<\/td><td><\/td><\/tr><\/tbody><\/table><\/figure>\n<\/div>\n\n\n\n<div class=\"wp-block-column is-layout-flow wp-block-column-is-layout-flow\" style=\"flex-basis:40%\">\n<figure class=\"wp-block-image size-large is-resized is-style-rounded\"><img loading=\"lazy\" decoding=\"async\" src=\"http:\/\/cfiz.uoradea.ro\/wp-content\/uploads\/2020\/12\/Promotia-2017-FM-2.jpg\" alt=\"\" class=\"wp-image-794\" width=\"410\" height=\"230\" srcset=\"https:\/\/cfiz.uoradea.ro\/wp-content\/uploads\/2020\/12\/Promotia-2017-FM-2.jpg 960w, https:\/\/cfiz.uoradea.ro\/wp-content\/uploads\/2020\/12\/Promotia-2017-FM-2-300x169.jpg 300w, https:\/\/cfiz.uoradea.ro\/wp-content\/uploads\/2020\/12\/Promotia-2017-FM-2-768x432.jpg 768w, https:\/\/cfiz.uoradea.ro\/wp-content\/uploads\/2020\/12\/Promotia-2017-FM-2-360x203.jpg 360w\" sizes=\"auto, (max-width: 410px) 100vw, 410px\" \/><figcaption><br><br>Imagine din laboratul de fizica corpului solid<\/figcaption><\/figure>\n\n\n\n<p><\/p>\n<\/div>\n<\/div>\n\n\n\n<div style=\"height:31px\" aria-hidden=\"true\" class=\"wp-block-spacer\"><\/div>\n\n\n\n<p>Pe lang\u0103 cursurile fundamentale \u00een planul de \u00eenv\u0103\u021b\u0103m\u00e2nt exist\u0103 \u0219i o lista de cursuri op\u021bionale. \u00centreg planul de \u00eenv\u0103\u021b\u0103m\u00e2nt \u00eempreuna cu numarul de ore de curs este disponibil pentru a fi consultat aici<\/p>\n\n\n\n<div class=\"wp-block-file\"><a href=\"http:\/\/cfiz.uoradea.ro\/wp-content\/uploads\/2021\/01\/Planuri-invatamant-FM-2020-2021-1.pdf\" target=\"_blank\" rel=\"noreferrer noopener\">Planuri invatamant FM 2020-2021<\/a><a href=\"http:\/\/cfiz.uoradea.ro\/wp-content\/uploads\/2021\/01\/Planuri-invatamant-FM-2020-2021-1.pdf\" class=\"wp-block-file__button\" download>Download<\/a><\/div>\n\n\n\n<p><\/p>\n","protected":false},"excerpt":{"rendered":"<p>Studiile de licen\u021b\u0103 \u00een fizica medical\u0103 ofer\u0103 o flexibile \u00een planificarea carierei dar \u0219i oportunit\u0103\u021bi de cercetare cu cadre didactice din facultate. Departament de fizic\u0103 este relativ mic iar profesorii \u0219i personalul auxiliar \u00eei cunosc personal pe studen\u021bi. Ace\u0219tia pot <a href=\"https:\/\/cfiz.uoradea.ro\/?page_id=459\" class=\"read-more\">Read More &#8230;<\/a><\/p>\n","protected":false},"author":1,"featured_media":0,"parent":0,"menu_order":0,"comment_status":"closed","ping_status":"closed","template":"","meta":{"footnotes":""},"class_list":["post-459","page","type-page","status-publish","hentry"],"_links":{"self":[{"href":"https:\/\/cfiz.uoradea.ro\/index.php?rest_route=\/wp\/v2\/pages\/459","targetHints":{"allow":["GET"]}}],"collection":[{"href":"https:\/\/cfiz.uoradea.ro\/index.php?rest_route=\/wp\/v2\/pages"}],"about":[{"href":"https:\/\/cfiz.uoradea.ro\/index.php?rest_route=\/wp\/v2\/types\/page"}],"author":[{"embeddable":true,"href":"https:\/\/cfiz.uoradea.ro\/index.php?rest_route=\/wp\/v2\/users\/1"}],"replies":[{"embeddable":true,"href":"https:\/\/cfiz.uoradea.ro\/index.php?rest_route=%2Fwp%2Fv2%2Fcomments&post=459"}],"version-history":[{"count":67,"href":"https:\/\/cfiz.uoradea.ro\/index.php?rest_route=\/wp\/v2\/pages\/459\/revisions"}],"predecessor-version":[{"id":1079,"href":"https:\/\/cfiz.uoradea.ro\/index.php?rest_route=\/wp\/v2\/pages\/459\/revisions\/1079"}],"wp:attachment":[{"href":"https:\/\/cfiz.uoradea.ro\/index.php?rest_route=%2Fwp%2Fv2%2Fmedia&parent=459"}],"curies":[{"name":"wp","href":"https:\/\/api.w.org\/{rel}","templated":true}]}}