{"id":428,"date":"2020-12-07T07:27:36","date_gmt":"2020-12-07T07:27:36","guid":{"rendered":"http:\/\/cfiz.uoradea.ro\/?page_id=428"},"modified":"2021-02-01T16:14:16","modified_gmt":"2021-02-01T16:14:16","slug":"absolventi","status":"publish","type":"page","link":"https:\/\/cfiz.uoradea.ro\/?page_id=428","title":{"rendered":"Absolventi"},"content":{"rendered":"\n<div style=\"height:26px\" aria-hidden=\"true\" class=\"wp-block-spacer\"><\/div>\n\n\n\n<p><a href=\"http:\/\/cfiz.uoradea.ro\/?page_id=792\">Promo\u021bia  2017 (licen\u021b\u0103)<\/a><\/p>\n\n\n\n<p><a href=\"http:\/\/cfiz.uoradea.ro\/?page_id=1105\">Promo\u021bia 2018 (licen\u021b\u0103)<\/a><\/p>\n\n\n\n<p> <\/p>\n\n\n\n<div style=\"height:18px\" aria-hidden=\"true\" class=\"wp-block-spacer\"><\/div>\n\n\n\n<p><\/p>\n\n\n\n<div class=\"wp-block-columns is-layout-flex wp-container-core-columns-is-layout-9d6595d7 wp-block-columns-is-layout-flex\">\n<div class=\"wp-block-column is-layout-flow wp-block-column-is-layout-flow\">\n<figure class=\"wp-block-image size-large\"><img loading=\"lazy\" decoding=\"async\" width=\"1024\" height=\"768\" src=\"http:\/\/cfiz.uoradea.ro\/wp-content\/uploads\/2020\/12\/WhatsApp-Image-2020-12-18-at-09.04.28-1-1-1024x768.jpeg\" alt=\"\" class=\"wp-image-698\" srcset=\"https:\/\/cfiz.uoradea.ro\/wp-content\/uploads\/2020\/12\/WhatsApp-Image-2020-12-18-at-09.04.28-1-1-1024x768.jpeg 1024w, https:\/\/cfiz.uoradea.ro\/wp-content\/uploads\/2020\/12\/WhatsApp-Image-2020-12-18-at-09.04.28-1-1-300x225.jpeg 300w, https:\/\/cfiz.uoradea.ro\/wp-content\/uploads\/2020\/12\/WhatsApp-Image-2020-12-18-at-09.04.28-1-1-768x576.jpeg 768w, https:\/\/cfiz.uoradea.ro\/wp-content\/uploads\/2020\/12\/WhatsApp-Image-2020-12-18-at-09.04.28-1-1-1536x1152.jpeg 1536w, https:\/\/cfiz.uoradea.ro\/wp-content\/uploads\/2020\/12\/WhatsApp-Image-2020-12-18-at-09.04.28-1-1-360x270.jpeg 360w, https:\/\/cfiz.uoradea.ro\/wp-content\/uploads\/2020\/12\/WhatsApp-Image-2020-12-18-at-09.04.28-1-1.jpeg 1600w\" sizes=\"auto, (max-width: 1024px) 100vw, 1024px\" \/><\/figure>\n\n\n\n<p style=\"font-size:22px\"><strong>Micula Claudiu- Georgian <\/strong><\/p>\n\n\n\n<p style=\"font-size:22px\"><strong>(promotia 2017 licenta, 2019 master)<\/strong><\/p>\n\n\n\n<p><em>Locul actual de munc\u0103<\/em>: Medeuropa,&nbsp;<strong>fizician medical.<\/strong><\/p>\n\n\n\n<p><em>Primul loc de munc\u0103<\/em>: Plexus,&nbsp;<strong>inginer automatist de test x-ray.<\/strong><\/p>\n\n\n\n<p>Sunt absolvent al Universit\u0103\u021bii din Oradea, Facultatea de \u0218tiin\u021be, Specializare Fizic\u0103 Medical\u0103 iar \u00een cei 5 ani de facultate am avut ocazia s\u0103 \u00eenv\u0103\u021b de la profesori foarte bine preg\u0103ti\u021bi \u0219i foarte devotati meseriei. Mai mult dec\u00e2t at\u00e2t, am beneficiat de programul Erasmus+, printr-o burs\u0103 de studiu pe durata unui semestru \u00een Spania la Universitatea Extremadura \u0219i burse de plasament la institutul MTA Atomki din Debrecen \u0219i la Colegiul din Nyiregyhaza. Toate aceste experien\u021be m-au ajutat s\u0103 m\u0103 dezvolt ca om \u0219i m\u0103 ajuta acum \u00een meseria pe care o practic de fizician medical \u00een domeniul radioterapiei.<\/p>\n\n\n\n<figure class=\"wp-block-image size-large\"><img loading=\"lazy\" decoding=\"async\" width=\"484\" height=\"1024\" src=\"http:\/\/cfiz.uoradea.ro\/wp-content\/uploads\/2020\/12\/132132034_827105318142082_3645267904790377803_n-1-484x1024.jpg\" alt=\"\" class=\"wp-image-822\" srcset=\"https:\/\/cfiz.uoradea.ro\/wp-content\/uploads\/2020\/12\/132132034_827105318142082_3645267904790377803_n-1-484x1024.jpg 484w, https:\/\/cfiz.uoradea.ro\/wp-content\/uploads\/2020\/12\/132132034_827105318142082_3645267904790377803_n-1-142x300.jpg 142w, https:\/\/cfiz.uoradea.ro\/wp-content\/uploads\/2020\/12\/132132034_827105318142082_3645267904790377803_n-1-727x1536.jpg 727w, https:\/\/cfiz.uoradea.ro\/wp-content\/uploads\/2020\/12\/132132034_827105318142082_3645267904790377803_n-1-128x270.jpg 128w, https:\/\/cfiz.uoradea.ro\/wp-content\/uploads\/2020\/12\/132132034_827105318142082_3645267904790377803_n-1.jpg 757w\" sizes=\"auto, (max-width: 484px) 100vw, 484px\" \/><\/figure>\n\n\n\n<p style=\"font-size:22px\"><strong>Costin Claudia <\/strong><\/p>\n\n\n\n<p style=\"font-size:22px\"><strong>(promotia 2018 licenta, 2020 master)<\/strong><\/p>\n\n\n\n<p>Lucrez la Spitalul Clinic Municipal &#8220;Dr. Gavril Curteanu&#8221; Oradea, Centrul de Oncologie, Laboratorul de Radioterapie. Sunt angajat\u0103 pe postul de fizician. Efectuez planuri de tratament pentru pacien\u021bii oncologici, verific aparatele de tratament (acceleratoarele liniare \u0219i sistemul de brahiterapie) in fiecare dimineata inainte de \u00eenceperea tratamentelor \u0219i efectuez dozimetrii lunare, sau depinde de circumstan\u021be, la acceleratoarele liniare. La facultate mi-a placut extrem de mult faptul c\u0103 am f\u0103cut cursuri de fizic\u0103 pentru c\u0103 m-a ajutat foarte mult s\u0103 \u00een\u021beleg fizica radia\u021biei \u0219i modul \u00een care aceasta interac\u021bioneaz\u0103 cu materia. Am avut profesori buni care m-au ajutat s\u0103 \u00een\u021beleg logic fizica si care m-au sus\u021binut at\u00e2t \u00een timpul facult\u0103\u021bii, c\u00e2t \u0219i dup\u0103 terminarea acesteia.<\/p>\n\n\n\n<figure class=\"wp-block-image size-large\"><img loading=\"lazy\" decoding=\"async\" width=\"896\" height=\"1024\" src=\"http:\/\/cfiz.uoradea.ro\/wp-content\/uploads\/2020\/12\/IMG_20201221_141226-896x1024.jpg\" alt=\"\" class=\"wp-image-844\" srcset=\"https:\/\/cfiz.uoradea.ro\/wp-content\/uploads\/2020\/12\/IMG_20201221_141226-896x1024.jpg 896w, https:\/\/cfiz.uoradea.ro\/wp-content\/uploads\/2020\/12\/IMG_20201221_141226-263x300.jpg 263w, https:\/\/cfiz.uoradea.ro\/wp-content\/uploads\/2020\/12\/IMG_20201221_141226-768x878.jpg 768w, https:\/\/cfiz.uoradea.ro\/wp-content\/uploads\/2020\/12\/IMG_20201221_141226-1600x1828.jpg 1600w, https:\/\/cfiz.uoradea.ro\/wp-content\/uploads\/2020\/12\/IMG_20201221_141226-1344x1536.jpg 1344w, https:\/\/cfiz.uoradea.ro\/wp-content\/uploads\/2020\/12\/IMG_20201221_141226-1792x2048.jpg 1792w, https:\/\/cfiz.uoradea.ro\/wp-content\/uploads\/2020\/12\/IMG_20201221_141226-236x270.jpg 236w\" sizes=\"auto, (max-width: 896px) 100vw, 896px\" \/><\/figure>\n\n\n\n<p style=\"font-size:22px\"><strong>Herczeg (Nemet) Brigitta Timea<\/strong><\/p>\n\n\n\n<p style=\"font-size:22px\"><strong>(promotia 2017 licenta)<\/strong><\/p>\n\n\n\n<p><strong>Loc de munca actual: Orszagos Onkologiai Intezet, Budapesta, Ungaria<\/strong><\/p>\n\n\n\n<p>In cei trei ani de licenta petrecuti la Universitatea din Oradea, mi-am cladit bazele necesare atat pentru a putea continua studiile in strainatate cat si pentru meseria pe care mi-am ales-o. Am profitat de burse Erasmus in Spania si Ungaria, ceea ce va ramane o experienta de neuitat din timpul facultatii. Dupa absolvire, mi-am continuat studiile in Budapesta, Ungaria, la Budapest University of Technology and Economics, dupa care m-am angajat la spitalul unde lucrez si in prezent. Desi nu am ramas studenta la Universitatea din Oradea, nu am pierdut legatura cu fostii colegi si profesori, carora le sunt recunoscatoare ca m-au ajutat de cate ori am avut nevoie.<\/p>\n<\/div>\n\n\n\n<div class=\"wp-block-column is-layout-flow wp-block-column-is-layout-flow\">\n<figure class=\"wp-block-image size-large\"><img loading=\"lazy\" decoding=\"async\" width=\"1024\" height=\"768\" src=\"http:\/\/cfiz.uoradea.ro\/wp-content\/uploads\/2020\/12\/WhatsApp-Image-2020-12-18-at-09.04.28-1024x768.jpeg\" alt=\"\" class=\"wp-image-699\" srcset=\"https:\/\/cfiz.uoradea.ro\/wp-content\/uploads\/2020\/12\/WhatsApp-Image-2020-12-18-at-09.04.28-1024x768.jpeg 1024w, https:\/\/cfiz.uoradea.ro\/wp-content\/uploads\/2020\/12\/WhatsApp-Image-2020-12-18-at-09.04.28-300x225.jpeg 300w, https:\/\/cfiz.uoradea.ro\/wp-content\/uploads\/2020\/12\/WhatsApp-Image-2020-12-18-at-09.04.28-768x576.jpeg 768w, https:\/\/cfiz.uoradea.ro\/wp-content\/uploads\/2020\/12\/WhatsApp-Image-2020-12-18-at-09.04.28-1536x1152.jpeg 1536w, https:\/\/cfiz.uoradea.ro\/wp-content\/uploads\/2020\/12\/WhatsApp-Image-2020-12-18-at-09.04.28-360x270.jpeg 360w, https:\/\/cfiz.uoradea.ro\/wp-content\/uploads\/2020\/12\/WhatsApp-Image-2020-12-18-at-09.04.28.jpeg 1600w\" sizes=\"auto, (max-width: 1024px) 100vw, 1024px\" \/><\/figure>\n\n\n\n<p style=\"font-size:22px\"><strong>Ghemi\u0219 (Borodi) Diana Maria (promotia 2017 licenta, 2019 master)<\/strong><\/p>\n\n\n\n<p>Experien\u021ba mea la Facultatea de \u0218tiin\u021be din cadrul Universit\u0103\u021bii din Orade a \u00eenceput \u00een anul 2014 unde am urmat studiile de licen\u021b\u0103, specializarea Fizic\u0103 Medical\u0103 pe care le-am continuat cu studiile de masterat. Pe parcursul celor 5 ani am dob\u00e2ndit cuno\u0219tin\u021be care m-au ajutat s\u0103 m\u0103 dezvolt ca un bun profesionit \u00een domeniul \u00een care activez. Mi-am \u00eenceput activitatea ca fizician \u00een timpul studiilor de masterat la Centrul Oncologic din Oradea, actualmente fiind fizician medical \u00een domeniul radioterapiei \u00een cadrul clinicii MedEuropa Oradea \u0219i continu\u00e2nd pasiunea pentru fizica medical\u0103 cu studiile doctorale la Universitatea de Vest din Timi\u0219oara.<\/p>\n\n\n\n<figure class=\"wp-block-image size-large\"><img loading=\"lazy\" decoding=\"async\" width=\"935\" height=\"1024\" src=\"http:\/\/cfiz.uoradea.ro\/wp-content\/uploads\/2020\/12\/20201217_082923-935x1024.jpg\" alt=\"\" class=\"wp-image-711\" srcset=\"https:\/\/cfiz.uoradea.ro\/wp-content\/uploads\/2020\/12\/20201217_082923-935x1024.jpg 935w, https:\/\/cfiz.uoradea.ro\/wp-content\/uploads\/2020\/12\/20201217_082923-274x300.jpg 274w, https:\/\/cfiz.uoradea.ro\/wp-content\/uploads\/2020\/12\/20201217_082923-768x841.jpg 768w, https:\/\/cfiz.uoradea.ro\/wp-content\/uploads\/2020\/12\/20201217_082923-247x270.jpg 247w, https:\/\/cfiz.uoradea.ro\/wp-content\/uploads\/2020\/12\/20201217_082923.jpg 1200w\" sizes=\"auto, (max-width: 935px) 100vw, 935px\" \/><\/figure>\n\n\n\n<p style=\"font-size:22px\"><strong>Bertalan Nikolett<\/strong><\/p>\n\n\n\n<p style=\"font-size:22px\"><strong>(promotia 2018 licenta)<\/strong><\/p>\n\n\n\n<p>Am terminat licen\u021ba la Universitatea din Oradea si masterul de Fizica aplicata in medicina la Universitatea de Vest din Timi\u0219oara.<br>Actualmente sunt fizician medical in cadrul sec\u021biei de radioterapie al Asociatiei Oncohelp Timi\u0219oara. Printre sarcinile zilnice se reg\u0103sesc realizarea planurilor de tratament si dozimetria periodica.<\/p>\n\n\n\n<figure class=\"wp-block-image size-large\"><img loading=\"lazy\" decoding=\"async\" width=\"484\" height=\"1024\" src=\"http:\/\/cfiz.uoradea.ro\/wp-content\/uploads\/2020\/12\/132117329_2932083273781456_7726470905270060719_n-1-2-484x1024.jpg\" alt=\"\" class=\"wp-image-837\" srcset=\"https:\/\/cfiz.uoradea.ro\/wp-content\/uploads\/2020\/12\/132117329_2932083273781456_7726470905270060719_n-1-2-484x1024.jpg 484w, https:\/\/cfiz.uoradea.ro\/wp-content\/uploads\/2020\/12\/132117329_2932083273781456_7726470905270060719_n-1-2-142x300.jpg 142w, https:\/\/cfiz.uoradea.ro\/wp-content\/uploads\/2020\/12\/132117329_2932083273781456_7726470905270060719_n-1-2-727x1536.jpg 727w, https:\/\/cfiz.uoradea.ro\/wp-content\/uploads\/2020\/12\/132117329_2932083273781456_7726470905270060719_n-1-2-128x270.jpg 128w, https:\/\/cfiz.uoradea.ro\/wp-content\/uploads\/2020\/12\/132117329_2932083273781456_7726470905270060719_n-1-2.jpg 757w\" sizes=\"auto, (max-width: 484px) 100vw, 484px\" \/><\/figure>\n\n\n\n<p style=\"font-size:22px\"><strong>Gazsi Jozsef <\/strong><\/p>\n\n\n\n<p style=\"font-size:22px\"><strong>(promotia 2017 licenta, 2019 master)<\/strong><\/p>\n\n\n\n<p>Lucrez la Spitalul Clinic Municipal &#8220;Dr.Gavril Curteanu&#8221; Oradea. Lucrez ca fizician la departamentul de Radioterapie. La facultate m-am intalnit cu profesori foarte amabili care m-au sustinut si m-au ajutat sa inteleg fizica pe care il folosesc zi de zi in timpul serviciului.<\/p>\n\n\n\n<p><\/p>\n<\/div>\n<\/div>\n\n\n\n<p><\/p>\n\n\n\n<p><\/p>\n","protected":false},"excerpt":{"rendered":"<p>Promo\u021bia 2017 (licen\u021b\u0103) Promo\u021bia 2018 (licen\u021b\u0103) Micula Claudiu- Georgian (promotia 2017 licenta, 2019 master) Locul actual de munc\u0103: Medeuropa,&nbsp;fizician medical. Primul loc de munc\u0103: Plexus,&nbsp;inginer automatist de test x-ray. Sunt absolvent al Universit\u0103\u021bii din Oradea, Facultatea de \u0218tiin\u021be, Specializare Fizic\u0103 <a href=\"https:\/\/cfiz.uoradea.ro\/?page_id=428\" class=\"read-more\">Read More &#8230;<\/a><\/p>\n","protected":false},"author":1,"featured_media":0,"parent":0,"menu_order":0,"comment_status":"closed","ping_status":"closed","template":"","meta":{"footnotes":""},"class_list":["post-428","page","type-page","status-publish","hentry"],"_links":{"self":[{"href":"https:\/\/cfiz.uoradea.ro\/index.php?rest_route=\/wp\/v2\/pages\/428","targetHints":{"allow":["GET"]}}],"collection":[{"href":"https:\/\/cfiz.uoradea.ro\/index.php?rest_route=\/wp\/v2\/pages"}],"about":[{"href":"https:\/\/cfiz.uoradea.ro\/index.php?rest_route=\/wp\/v2\/types\/page"}],"author":[{"embeddable":true,"href":"https:\/\/cfiz.uoradea.ro\/index.php?rest_route=\/wp\/v2\/users\/1"}],"replies":[{"embeddable":true,"href":"https:\/\/cfiz.uoradea.ro\/index.php?rest_route=%2Fwp%2Fv2%2Fcomments&post=428"}],"version-history":[{"count":49,"href":"https:\/\/cfiz.uoradea.ro\/index.php?rest_route=\/wp\/v2\/pages\/428\/revisions"}],"predecessor-version":[{"id":1111,"href":"https:\/\/cfiz.uoradea.ro\/index.php?rest_route=\/wp\/v2\/pages\/428\/revisions\/1111"}],"wp:attachment":[{"href":"https:\/\/cfiz.uoradea.ro\/index.php?rest_route=%2Fwp%2Fv2%2Fmedia&parent=428"}],"curies":[{"name":"wp","href":"https:\/\/api.w.org\/{rel}","templated":true}]}}