{"id":281,"date":"2020-12-06T15:08:07","date_gmt":"2020-12-06T15:08:07","guid":{"rendered":"http:\/\/cfiz.uoradea.ro\/?page_id=281"},"modified":"2022-10-11T10:11:02","modified_gmt":"2022-10-11T10:11:02","slug":"acasa","status":"publish","type":"page","link":"https:\/\/cfiz.uoradea.ro\/","title":{"rendered":""},"content":{"rendered":"<div>\n<h4 style=\"text-align: center;\">Invita\u021bie la a<strong data-rich-text-format-boundary=\"true\">&nbsp;XX-a Conferin\u021b\u0103 Na\u021bional\u0103 de Fizic\u0103 Medical\u0103&nbsp;<\/strong><\/h4>\n<\/div>\n<div>\n<\/div>\n\n\n<div class=\"wp-block-columns is-layout-flex wp-container-core-columns-is-layout-9d6595d7 wp-block-columns-is-layout-flex\">\n<div class=\"wp-block-column is-layout-flow wp-block-column-is-layout-flow\">\n<p><\/p>\n\n\n\n<p><\/p>\n\n\n\n<p><\/p>\n\n\n\n<p class=\"has-normal-font-size\">In perioada&nbsp;<strong>4-5 Noiembrie 2022<\/strong>&nbsp;se va desf\u0103\u0219ura la Biblioteca Universit\u0103\u021bii din Oradea a &#8220;XX-a CONFERIN\u021a\u0102 NA\u021aIONAL\u0102 DE FIZIC\u0102 MEDICAL\u0102&#8221; organizat\u0103 de c\u0103tre Colegiul Fizicienilor Medicali din Romania \u00een colaborare cu Universitatea din Oradea.<\/p>\n\n\n\n<p class=\"has-normal-font-size\"><\/p>\n\n\n\n<p class=\"has-normal-font-size\">Cu ocazia evenimentului s\u0103rb\u0103torim, pentru al 10-lea an consecutiv, &#8220;Ziua Interna\u021bional\u0103 a Fizicii Medicale&#8221; (IDMP) cu tematica \u201dFizica medical\u0103 pentru o asisten\u021b\u0103 medical\u0103 durabil\u0103\u201d stabilit\u0103 de Organiza\u021bia Interna\u021bionala pentru Fizica Medical\u0103 (IOMP).<\/p>\n\n\n\n<p class=\"has-normal-font-size\"><\/p>\n\n\n\n<p class=\"has-normal-font-size\">Evenimentul ofer\u0103 o excelent\u0103 ocazie pentru un schimb de experien\u021b\u0103 \u0219i idei \u00eentre profesioni\u0219ti \u0219i fizicieni debutan\u021bi, pentru dezvoltarea rela\u021biilor de colaborare \u015fi a cre\u0219terii vizibilit\u0103\u021bii profesiei de fizician medical.<\/p>\n\n\n\n<p class=\"has-normal-font-size\"><\/p>\n\n\n\n<p><\/p>\n\n\n\n<p class=\"has-normal-font-size\">Pentru mai multe informa\u021bii va rog sa accesa\u021bi site-ul:&nbsp;<\/p>\n\n\n\n<p class=\"has-normal-font-size\"><a rel=\"noreferrer noopener\" href=\"http:\/\/www.cfmr.ro\/evenimente\/evenimente-nationale\/CNFM2022\" target=\"_blank\">http:\/\/www.cfmr.ro\/evenimente\/evenimente-nationale\/CNFM2022<\/a><\/p>\n\n\n\n<p><\/p>\n\n\n\n<p><\/p>\n\n\n\n<p><\/p>\n\n\n\n<p>Persoana de contact:\u00a0<\/p>\n\n\n\n<p><strong><a href=\"https:\/\/cfiz.uoradea.ro\/?page_id=106\">Prof. univ. dr. Loredana Marcu<\/a><\/strong>\u00a0(loredana.marcu@uoradea.ro)<\/p>\n\n\n\n<p><\/p>\n<\/div>\n\n\n\n<div class=\"wp-block-column is-layout-flow wp-block-column-is-layout-flow\">\n<figure class=\"wp-block-image size-full\"><img loading=\"lazy\" decoding=\"async\" width=\"668\" height=\"891\" src=\"https:\/\/cfiz.uoradea.ro\/wp-content\/uploads\/2022\/10\/CFMR-2022-poster.jpg\" alt=\"\" class=\"wp-image-1389\"\/><\/figure>\n\n\n\n<p><\/p>\n<\/div>\n<\/div>\n\n\n\n<div style=\"height:40px\" aria-hidden=\"true\" class=\"wp-block-spacer\"><\/div>\n\n\n<div class=\"n2-section-smartslider fitvidsignore  n2_clear\" data-ssid=\"16\"><div id=\"n2-ss-16-align\" class=\"n2-ss-align\"><div class=\"n2-padding\"><div id=\"n2-ss-16\" data-creator=\"Smart Slider 3\" data-responsive=\"auto\" class=\"n2-ss-slider n2-ow n2-has-hover n2notransition  \">\n\n\n\n<div class=\"n2-ss-slider-wrapper-inside\">\n        <div class=\"n2-ss-slider-1 n2_ss__touch_element n2-ow\">\n            <div class=\"n2-ss-slider-2 n2-ow\">\n                                                    <div class=\"n2-ss-background-animation n2-ow\"><\/div>\n                                <div class=\"n2-ss-slider-3 n2-ow\">\n\n                    <div class=\"n2-ss-slide-backgrounds n2-ow-all\"><div class=\"n2-ss-slide-background\" data-public-id=\"1\" data-mode=\"fill\"><div class=\"n2-ss-slide-background-image\" data-blur=\"0\" data-opacity=\"100\" data-x=\"50\" data-y=\"50\" data-alt=\"\" data-title=\"\"><picture class=\"skip-lazy\" data-skip-lazy=\"1\"><img decoding=\"async\" src=\"\/\/cfiz.uoradea.ro\/wp-content\/uploads\/slider\/cache\/e1203b09e9a5e88fd3dd35ec899f0aac\/head-ccorp.jpg\" alt=\"\" title=\"\" loading=\"lazy\" class=\"skip-lazy\" data-skip-lazy=\"1\"><\/picture><\/div><div data-color=\"RGBA(255,255,255,0)\" style=\"background-color: RGBA(255,255,255,0);\" class=\"n2-ss-slide-background-color\"><\/div><\/div><div class=\"n2-ss-slide-background\" data-public-id=\"2\" data-mode=\"fill\" aria-hidden=\"true\"><div class=\"n2-ss-slide-background-image\" data-blur=\"0\" data-opacity=\"100\" data-x=\"50\" data-y=\"50\" data-alt=\"\" data-title=\"\"><picture class=\"skip-lazy\" data-skip-lazy=\"1\"><img decoding=\"async\" src=\"\/\/cfiz.uoradea.ro\/wp-content\/uploads\/slider\/cache\/eefb883b7d6a07227510b8454d34c57b\/Universitatea-din-Oradea-are-prodecani-noi.jpg\" alt=\"\" title=\"\" loading=\"lazy\" class=\"skip-lazy\" data-skip-lazy=\"1\"><\/picture><\/div><div data-color=\"RGBA(255,255,255,0)\" style=\"background-color: RGBA(255,255,255,0);\" class=\"n2-ss-slide-background-color\"><\/div><\/div><\/div>                    <div class=\"n2-ss-slider-4 n2-ow\">\n                        <svg xmlns=\"http:\/\/www.w3.org\/2000\/svg\" viewBox=\"0 0 1200 600\" data-related-device=\"desktopPortrait\" class=\"n2-ow n2-ss-preserve-size n2-ss-preserve-size--slider n2-ss-slide-limiter\"><\/svg><div data-first=\"1\" data-slide-duration=\"0\" data-id=\"73\" data-slide-public-id=\"1\" data-title=\"head-ccorp\" class=\"n2-ss-slide n2-ow  n2-ss-slide-73\"><div role=\"note\" class=\"n2-ss-slide--focus\" tabindex=\"-1\">head-ccorp<\/div><div class=\"n2-ss-layers-container n2-ss-slide-limiter n2-ow\"><div class=\"n2-ss-layer n2-ow n-uc-wdcu7we4sga8\" data-sstype=\"slide\" data-pm=\"default\"><\/div><\/div><\/div><div data-slide-duration=\"0\" data-id=\"74\" data-slide-public-id=\"2\" aria-hidden=\"true\" data-title=\"Universitatea-din-Oradea-are-prodecani-noi\" class=\"n2-ss-slide n2-ow  n2-ss-slide-74\"><div role=\"note\" class=\"n2-ss-slide--focus\" tabindex=\"-1\">Universitatea-din-Oradea-are-prodecani-noi<\/div><div class=\"n2-ss-layers-container n2-ss-slide-limiter n2-ow\"><div class=\"n2-ss-layer n2-ow n-uc-mk4q9n0gmD1b\" data-sstype=\"slide\" data-pm=\"default\"><\/div><\/div><\/div>                    <\/div>\n\n                                    <\/div>\n            <\/div>\n        <\/div>\n        <div class=\"n2-ss-slider-controls n2-ss-slider-controls-absolute-left-center\"><div style=\"--widget-offset:15px;\" class=\"n2-ss-widget n2-ss-widget-display-hover nextend-arrow n2-ow-all nextend-arrow-previous  nextend-arrow-animated-fade\" data-hide-mobileportrait=\"1\" id=\"n2-ss-16-arrow-previous\" role=\"button\" aria-label=\"previous arrow\" tabindex=\"0\"><img loading=\"lazy\" decoding=\"async\" width=\"32\" height=\"32\" class=\"skip-lazy\" data-skip-lazy=\"1\" src=\"data:image\/svg+xml;base64,PHN2ZyB3aWR0aD0iMzIiIGhlaWdodD0iMzIiIHZpZXdCb3g9IjAgMCAzMiAzMiIgeG1sbnM9Imh0dHA6Ly93d3cudzMub3JnLzIwMDAvc3ZnIj4KICAgIDxwYXRoIGQ9Ik0xMS40MzMgMTUuOTkyTDIyLjY5IDUuNzEyYy4zOTMtLjM5LjM5My0xLjAzIDAtMS40Mi0uMzkzLS4zOS0xLjAzLS4zOS0xLjQyMyAwbC0xMS45OCAxMC45NGMtLjIxLjIxLS4zLjQ5LS4yODUuNzYtLjAxNS4yOC4wNzUuNTYuMjg0Ljc3bDExLjk4IDEwLjk0Yy4zOTMuMzkgMS4wMy4zOSAxLjQyNCAwIC4zOTMtLjQuMzkzLTEuMDMgMC0xLjQybC0xMS4yNTctMTAuMjkiCiAgICAgICAgICBmaWxsPSIjZmZmZmZmIiBvcGFjaXR5PSIwLjgiIGZpbGwtcnVsZT0iZXZlbm9kZCIvPgo8L3N2Zz4=\" alt=\"previous arrow\"><\/div><\/div><div class=\"n2-ss-slider-controls n2-ss-slider-controls-absolute-right-center\"><div style=\"--widget-offset:15px;\" class=\"n2-ss-widget n2-ss-widget-display-hover nextend-arrow n2-ow-all nextend-arrow-next  nextend-arrow-animated-fade\" data-hide-mobileportrait=\"1\" id=\"n2-ss-16-arrow-next\" role=\"button\" aria-label=\"next arrow\" tabindex=\"0\"><img loading=\"lazy\" decoding=\"async\" width=\"32\" height=\"32\" class=\"skip-lazy\" data-skip-lazy=\"1\" src=\"data:image\/svg+xml;base64,PHN2ZyB3aWR0aD0iMzIiIGhlaWdodD0iMzIiIHZpZXdCb3g9IjAgMCAzMiAzMiIgeG1sbnM9Imh0dHA6Ly93d3cudzMub3JnLzIwMDAvc3ZnIj4KICAgIDxwYXRoIGQ9Ik0xMC43MjIgNC4yOTNjLS4zOTQtLjM5LTEuMDMyLS4zOS0xLjQyNyAwLS4zOTMuMzktLjM5MyAxLjAzIDAgMS40MmwxMS4yODMgMTAuMjgtMTEuMjgzIDEwLjI5Yy0uMzkzLjM5LS4zOTMgMS4wMiAwIDEuNDIuMzk1LjM5IDEuMDMzLjM5IDEuNDI3IDBsMTIuMDA3LTEwLjk0Yy4yMS0uMjEuMy0uNDkuMjg0LS43Ny4wMTQtLjI3LS4wNzYtLjU1LS4yODYtLjc2TDEwLjcyIDQuMjkzeiIKICAgICAgICAgIGZpbGw9IiNmZmZmZmYiIG9wYWNpdHk9IjAuOCIgZmlsbC1ydWxlPSJldmVub2RkIi8+Cjwvc3ZnPg==\" alt=\"next arrow\"><\/div><\/div><div class=\"n2-ss-slider-controls n2-ss-slider-controls-absolute-center-bottom\"><div style=\"--widget-offset:10px;\" class=\"n2-ss-widget n2-ss-control-bullet n2-ow-all n2-ss-control-bullet-horizontal\"><div class=\" nextend-bullet-bar n2-bar-justify-content-center\" role=\"group\" aria-label=\"Choose slide to display.\"><div class=\"n2-bullet n2-style-785355f374be86c332d4665aae819858-dot \" style=\"visibility:hidden;\"><\/div><\/div><\/div><\/div><\/div><\/div><ss3-loader><\/ss3-loader><\/div><\/div><div class=\"n2_clear\"><\/div><\/div>\n\n\n<h2 class=\"wp-block-heading\"><\/h2>\n\n\n\n<div style=\"height:60px\" aria-hidden=\"true\" class=\"wp-block-spacer\"><\/div>\n\n\n\n<p class=\"has-text-align-center has-navy-blue-color has-text-color has-large-font-size\">Studia\u021bi fizica \u0219i fizica medical\u0103 cu noi<\/p>\n\n\n\n<div style=\"height:116px\" aria-hidden=\"true\" class=\"wp-block-spacer\"><\/div>\n\n\n\n<div class=\"wp-block-columns is-layout-flex wp-container-core-columns-is-layout-9d6595d7 wp-block-columns-is-layout-flex\">\n<div class=\"wp-block-column is-layout-flow wp-block-column-is-layout-flow\">\n<p class=\"has-text-align-left\" style=\"font-size:22px\"><a href=\"http:\/\/cfiz.uoradea.ro\/?page_id=459\"><strong>Fizica medical\u0103 &#8211; licen\u021ba<\/strong><\/a><\/p>\n\n\n\n<div style=\"height:31px\" aria-hidden=\"true\" class=\"wp-block-spacer\"><\/div>\n\n\n\n<figure class=\"wp-block-image size-large is-resized is-style-default\"><img loading=\"lazy\" decoding=\"async\" src=\"http:\/\/cfiz.uoradea.ro\/wp-content\/uploads\/2020\/12\/Erasmus-Spania-Extremadura-Lab.-Chimie-3-1-768x1024.jpg\" alt=\"\" class=\"wp-image-807\" width=\"239\" height=\"319\" srcset=\"https:\/\/cfiz.uoradea.ro\/wp-content\/uploads\/2020\/12\/Erasmus-Spania-Extremadura-Lab.-Chimie-3-1-768x1024.jpg 768w, https:\/\/cfiz.uoradea.ro\/wp-content\/uploads\/2020\/12\/Erasmus-Spania-Extremadura-Lab.-Chimie-3-1-225x300.jpg 225w, https:\/\/cfiz.uoradea.ro\/wp-content\/uploads\/2020\/12\/Erasmus-Spania-Extremadura-Lab.-Chimie-3-1-1600x2133.jpg 1600w, https:\/\/cfiz.uoradea.ro\/wp-content\/uploads\/2020\/12\/Erasmus-Spania-Extremadura-Lab.-Chimie-3-1-1152x1536.jpg 1152w, https:\/\/cfiz.uoradea.ro\/wp-content\/uploads\/2020\/12\/Erasmus-Spania-Extremadura-Lab.-Chimie-3-1-1536x2048.jpg 1536w, https:\/\/cfiz.uoradea.ro\/wp-content\/uploads\/2020\/12\/Erasmus-Spania-Extremadura-Lab.-Chimie-3-1-203x270.jpg 203w, https:\/\/cfiz.uoradea.ro\/wp-content\/uploads\/2020\/12\/Erasmus-Spania-Extremadura-Lab.-Chimie-3-1-scaled.jpg 1920w\" sizes=\"auto, (max-width: 239px) 100vw, 239px\" \/><\/figure>\n<\/div>\n\n\n\n<div class=\"wp-block-column is-layout-flow wp-block-column-is-layout-flow\">\n<p class=\"has-text-align-left\" style=\"font-size:22px\"><strong><a href=\"http:\/\/cfiz.uoradea.ro\/?page_id=478\">FETB -master<\/a><\/strong><\/p>\n\n\n\n<p class=\"has-text-align-left\" style=\"font-size:22px\"><\/p>\n\n\n\n<figure class=\"wp-block-image size-large is-resized is-style-default\"><img loading=\"lazy\" decoding=\"async\" src=\"http:\/\/cfiz.uoradea.ro\/wp-content\/uploads\/2020\/12\/Erasmus-Spania-Extremadura-Lab.-Chimie-5-1-768x1024.jpg\" alt=\"\" class=\"wp-image-809\" width=\"244\" height=\"326\" srcset=\"https:\/\/cfiz.uoradea.ro\/wp-content\/uploads\/2020\/12\/Erasmus-Spania-Extremadura-Lab.-Chimie-5-1-768x1024.jpg 768w, https:\/\/cfiz.uoradea.ro\/wp-content\/uploads\/2020\/12\/Erasmus-Spania-Extremadura-Lab.-Chimie-5-1-225x300.jpg 225w, https:\/\/cfiz.uoradea.ro\/wp-content\/uploads\/2020\/12\/Erasmus-Spania-Extremadura-Lab.-Chimie-5-1-1600x2133.jpg 1600w, https:\/\/cfiz.uoradea.ro\/wp-content\/uploads\/2020\/12\/Erasmus-Spania-Extremadura-Lab.-Chimie-5-1-1152x1536.jpg 1152w, https:\/\/cfiz.uoradea.ro\/wp-content\/uploads\/2020\/12\/Erasmus-Spania-Extremadura-Lab.-Chimie-5-1-1536x2048.jpg 1536w, https:\/\/cfiz.uoradea.ro\/wp-content\/uploads\/2020\/12\/Erasmus-Spania-Extremadura-Lab.-Chimie-5-1-203x270.jpg 203w, https:\/\/cfiz.uoradea.ro\/wp-content\/uploads\/2020\/12\/Erasmus-Spania-Extremadura-Lab.-Chimie-5-1-scaled.jpg 1920w\" sizes=\"auto, (max-width: 244px) 100vw, 244px\" \/><\/figure>\n<\/div>\n\n\n\n<div class=\"wp-block-column is-layout-flow wp-block-column-is-layout-flow\">\n<p class=\"has-text-align-left\" style=\"font-size:22px\"><a href=\"http:\/\/cfiz.uoradea.ro\/?page_id=275\"><strong>Studii doctorale<\/strong><\/a><\/p>\n\n\n\n<div style=\"height:33px\" aria-hidden=\"true\" class=\"wp-block-spacer\"><\/div>\n\n\n\n<figure class=\"wp-block-image size-large is-resized is-style-default\"><img loading=\"lazy\" decoding=\"async\" src=\"http:\/\/cfiz.uoradea.ro\/wp-content\/uploads\/slider8\/Untitled1-831x1024.jpeg\" alt=\"\" class=\"wp-image-611\" width=\"264\" height=\"324\" srcset=\"https:\/\/cfiz.uoradea.ro\/wp-content\/uploads\/slider8\/Untitled1-831x1024.jpeg 831w, https:\/\/cfiz.uoradea.ro\/wp-content\/uploads\/slider8\/Untitled1-1246x1536.jpeg 1246w, https:\/\/cfiz.uoradea.ro\/wp-content\/uploads\/slider8\/Untitled1-219x270.jpeg 219w, https:\/\/cfiz.uoradea.ro\/wp-content\/uploads\/slider8\/Untitled1.jpeg 1492w\" sizes=\"auto, (max-width: 264px) 100vw, 264px\" \/><\/figure>\n<\/div>\n<\/div>\n\n\n\n<div style=\"height:132px\" aria-hidden=\"true\" class=\"wp-block-spacer\"><\/div>\n\n\n\n<p class=\"has-text-align-left has-large-font-size\"><\/p>\n\n\n\n<p><\/p>\n\n\n\n<p style=\"font-size:15px\"><\/p>\n","protected":false},"excerpt":{"rendered":"<p>Invita\u021bie la a&nbsp;XX-a Conferin\u021b\u0103 Na\u021bional\u0103 de Fizic\u0103 Medical\u0103&nbsp; In perioada&nbsp;4-5 Noiembrie 2022&nbsp;se va desf\u0103\u0219ura la Biblioteca Universit\u0103\u021bii din Oradea a &#8220;XX-a CONFERIN\u021a\u0102 NA\u021aIONAL\u0102 DE FIZIC\u0102 MEDICAL\u0102&#8221; organizat\u0103 de c\u0103tre Colegiul Fizicienilor Medicali din Romania \u00een colaborare cu Universitatea din Oradea. <a href=\"https:\/\/cfiz.uoradea.ro\/\" class=\"read-more\">Read More &#8230;<\/a><\/p>\n","protected":false},"author":1,"featured_media":0,"parent":0,"menu_order":0,"comment_status":"closed","ping_status":"closed","template":"","meta":{"footnotes":""},"class_list":["post-281","page","type-page","status-publish","hentry"],"_links":{"self":[{"href":"https:\/\/cfiz.uoradea.ro\/index.php?rest_route=\/wp\/v2\/pages\/281","targetHints":{"allow":["GET"]}}],"collection":[{"href":"https:\/\/cfiz.uoradea.ro\/index.php?rest_route=\/wp\/v2\/pages"}],"about":[{"href":"https:\/\/cfiz.uoradea.ro\/index.php?rest_route=\/wp\/v2\/types\/page"}],"author":[{"embeddable":true,"href":"https:\/\/cfiz.uoradea.ro\/index.php?rest_route=\/wp\/v2\/users\/1"}],"replies":[{"embeddable":true,"href":"https:\/\/cfiz.uoradea.ro\/index.php?rest_route=%2Fwp%2Fv2%2Fcomments&post=281"}],"version-history":[{"count":120,"href":"https:\/\/cfiz.uoradea.ro\/index.php?rest_route=\/wp\/v2\/pages\/281\/revisions"}],"predecessor-version":[{"id":1394,"href":"https:\/\/cfiz.uoradea.ro\/index.php?rest_route=\/wp\/v2\/pages\/281\/revisions\/1394"}],"wp:attachment":[{"href":"https:\/\/cfiz.uoradea.ro\/index.php?rest_route=%2Fwp%2Fv2%2Fmedia&parent=281"}],"curies":[{"name":"wp","href":"https:\/\/api.w.org\/{rel}","templated":true}]}}