{"id":275,"date":"2020-12-06T15:00:59","date_gmt":"2020-12-06T15:00:59","guid":{"rendered":"http:\/\/cfiz.uoradea.ro\/?page_id=275"},"modified":"2021-02-01T17:58:13","modified_gmt":"2021-02-01T17:58:13","slug":"studii-de-doctorat","status":"publish","type":"page","link":"https:\/\/cfiz.uoradea.ro\/?page_id=275","title":{"rendered":"Studii de doctorat"},"content":{"rendered":"\n<p>\u00cen cadrul departamentului nostru activeaz\u0103 doi conduc\u0103tori de doctorat. Prof. Loredana Marcu activeaz\u0103 \u0103n domeniul fizicii medicale, iar Prof. C\u0103t\u0103lin Pa\u0219cu Moca in domeniul fizicii teoretice. Ambii sunt asocia\u021bi la <a href=\"https:\/\/physics.uvt.ro\/educatie\/doctorat\/\">\u0218coala Doctoral\u0103 din Timi\u0219oara<\/a>.  Studen\u021bii interesa\u021bi vor trebui sa urmeze cursurile \u0219colii doctorale de la Timi\u0219oara pe o perioada de un an. <\/p>\n\n\n\n<p><a href=\"https:\/\/physics.uvt.ro\/wp-content\/uploads\/2014\/07\/Plan_invatamant_2018.pdf\">Plan de \u00eenv\u0103\u021b\u0103m\u00e2nt \u0219i Cursurile \u0219colii doctorale<\/a><\/p>\n\n\n\n<p>Dupa absolvirea acestor cursuri, activitatea de cercetare se va face in str\u00e2ns\u0103 colaborare cu conduc\u0103torul de doctorat la Oradea, iar diploma de doctor ob\u021binut\u0103 va fi eliberat\u0103 de <a href=\"https:\/\/www.uvt.ro\/ro\/\">Universitatea de Vest din Timi\u0219oara<\/a>.<\/p>\n\n\n\n<p class=\"has-navy-blue-color has-text-color\" style=\"font-size:22px\">Direc\u021bii de cercetare \u0219i colabor\u0103ri<\/p>\n\n\n\n<p class=\"has-navy-blue-color has-text-color\" style=\"font-size:20px\"><strong><a href=\"http:\/\/cfiz.uoradea.ro\/?page_id=106\">Prof. Loredana Marcu<\/a><\/strong><\/p>\n\n\n\n<p>Fizica medical\u0103 aplicat\u0103 \u00een radioterapie, radioprotec\u021bie, radiobiologie.<\/p>\n\n\n\n<p class=\"has-navy-blue-color has-text-color\">Tematici de interes:<\/p>\n\n\n\n<p> Modelarea Monte Carlo a r\u0103spunsului tumoral la diferite tratamente cu radia\u021bie \/ chimioterapie<\/p>\n\n\n\n<p>Evaluarea riscului cancerelor secundare \u00een urma tratamentului cu radia\u021bie ionizant\u0103<\/p>\n\n\n\n<p>Cre\u0219terea raportului terapeutic prin tehnici moderne de tratament<\/p>\n\n\n\n<p>Metode de evaluare \u0219i combatere a hipoxiei tumorale<\/p>\n\n\n\n<p>Rolul imagisticii medicale \u00een ghidarea tratamentului cu radia\u021bie.<\/p>\n\n\n\n<p class=\"has-navy-blue-color has-text-color\">Colaborari internationale cu University of Adelaide, School of health Sciences &#8211; University of South Australia, Karolinska Institutet, Stockholm University<\/p>\n\n\n\n<p class=\"has-navy-blue-color has-text-color\" style=\"font-size:20px\"><strong><a href=\"http:\/\/Prof. C\u0103t\u0103lin Pa\u0219cu Moca\">Prof. C\u0103t\u0103lin Pa\u0219cu Moca<\/a><\/strong><\/p>\n\n\n\n<p>Mesoscopie, transport \u00een nano \u0219i hetero-structure<\/p>\n\n\n\n<p>Sisteme puternic corelate, sisteme Kondo<\/p>\n\n\n\n<p>Optica cuantic\u0103, interac\u021bia radia\u021biei electromagnetice cu materia, (cu sistemele atomice \u0219i mesoscopice \u00een particular)<\/p>\n\n\n\n<p>Fizica statistic\u0103, termalizarea sistemelor \u00eenchise. Aplica\u021bii la sisteme de atomi reci. Fenomene de neechilibriu.<\/p>\n\n\n\n<p>Fizica atomic\u0103 \u0219i nuclear\u0103: stabilitatea nucleelor grele \u0219i a moleculelor complexe.<\/p>\n\n\n\n<p class=\"has-navy-blue-color has-text-color\">Metode si tehnici<\/p>\n\n\n\n<p>Metode numerice de renormare cu aplica\u021bii la sisteme fermionice \u0219i bosonice cu dimensionalitate redus\u0103: NRG (numerical renormalization group), DMRG (density matrix renormalization group), MPS, MPO (matrix product states and operators).<\/p>\n\n\n\n<p>Metode analitice de neechilibru, formalismul Keldysh, FRG\/Lindblad, etc.<\/p>\n\n\n\n<p class=\"has-navy-blue-color has-text-color\">Colaborari cu universitati si centre de cercetare din Europa (Bucuresti, Timisoara, Budapesta, Poznan, Paris (ENS), Reykjavik) si SUA (Harvard, Yale, Stanford)<\/p>\n\n\n\n<p><\/p>\n","protected":false},"excerpt":{"rendered":"<p>\u00cen cadrul departamentului nostru activeaz\u0103 doi conduc\u0103tori de doctorat. Prof. Loredana Marcu activeaz\u0103 \u0103n domeniul fizicii medicale, iar Prof. C\u0103t\u0103lin Pa\u0219cu Moca in domeniul fizicii teoretice. Ambii sunt asocia\u021bi la \u0218coala Doctoral\u0103 din Timi\u0219oara. Studen\u021bii interesa\u021bi vor trebui sa urmeze <a href=\"https:\/\/cfiz.uoradea.ro\/?page_id=275\" class=\"read-more\">Read More &#8230;<\/a><\/p>\n","protected":false},"author":1,"featured_media":0,"parent":0,"menu_order":0,"comment_status":"closed","ping_status":"closed","template":"","meta":{"footnotes":""},"class_list":["post-275","page","type-page","status-publish","hentry"],"_links":{"self":[{"href":"https:\/\/cfiz.uoradea.ro\/index.php?rest_route=\/wp\/v2\/pages\/275","targetHints":{"allow":["GET"]}}],"collection":[{"href":"https:\/\/cfiz.uoradea.ro\/index.php?rest_route=\/wp\/v2\/pages"}],"about":[{"href":"https:\/\/cfiz.uoradea.ro\/index.php?rest_route=\/wp\/v2\/types\/page"}],"author":[{"embeddable":true,"href":"https:\/\/cfiz.uoradea.ro\/index.php?rest_route=\/wp\/v2\/users\/1"}],"replies":[{"embeddable":true,"href":"https:\/\/cfiz.uoradea.ro\/index.php?rest_route=%2Fwp%2Fv2%2Fcomments&post=275"}],"version-history":[{"count":7,"href":"https:\/\/cfiz.uoradea.ro\/index.php?rest_route=\/wp\/v2\/pages\/275\/revisions"}],"predecessor-version":[{"id":1117,"href":"https:\/\/cfiz.uoradea.ro\/index.php?rest_route=\/wp\/v2\/pages\/275\/revisions\/1117"}],"wp:attachment":[{"href":"https:\/\/cfiz.uoradea.ro\/index.php?rest_route=%2Fwp%2Fv2%2Fmedia&parent=275"}],"curies":[{"name":"wp","href":"https:\/\/api.w.org\/{rel}","templated":true}]}}