{"id":1330,"date":"2022-04-20T09:11:16","date_gmt":"2022-04-20T09:11:16","guid":{"rendered":"https:\/\/cfiz.uoradea.ro\/?page_id=1330"},"modified":"2022-04-20T09:11:17","modified_gmt":"2022-04-20T09:11:17","slug":"admitere-2022","status":"publish","type":"page","link":"https:\/\/cfiz.uoradea.ro\/?page_id=1330","title":{"rendered":"Admitere 2022"},"content":{"rendered":"\n<p style=\"font-size:24px\"><strong>Ofert\u0103 Educa\u021bional\u0103 pentru anul universitar 2022<\/strong><\/p>\n\n\n\n<div class=\"wp-block-columns is-layout-flex wp-container-core-columns-is-layout-9d6595d7 wp-block-columns-is-layout-flex\">\n<div class=\"wp-block-column is-layout-flow wp-block-column-is-layout-flow\">\n<p class=\"has-navy-blue-color has-text-color\" style=\"font-size:24px\"><strong>Licen\u021b\u0103 &#8211; Fizic\u0103 Medical\u0103<\/strong> <\/p>\n\n\n\n<p style=\"font-size:20px\">Program de studii universitare cu durata de 3 ani, compatibil cu sistemul educa\u021bional european.<\/p>\n\n\n\n<p class=\"has-red-color has-text-color\" style=\"font-size:22px\">28 locuri finan\u0163ate&nbsp;de la bugetul de stat<\/p>\n\n\n\n<p class=\"has-red-color has-text-color\" style=\"font-size:22px\">40 locuri cu tax\u0103<\/p>\n<\/div>\n\n\n\n<div class=\"wp-block-column is-layout-flow wp-block-column-is-layout-flow\">\n<p class=\"has-navy-blue-color has-text-color\" style=\"font-size:24px\"><strong>Masterat &#8211; Fizica Explor\u0103rilor \u0219i Terapiilor Medicale<\/strong> <\/p>\n\n\n\n<p style=\"font-size:20px\"> Program de studii universitare cu durata de 2 ani de asemenea compatibil cu sistemul educa\u021bional european<\/p>\n\n\n\n<p class=\"has-red-color has-text-color\" style=\"font-size:22px\">15 locuri finan\u0163ate&nbsp;de la bugetul de stat<\/p>\n\n\n\n<p class=\"has-red-color has-text-color\" style=\"font-size:22px\">10 locuri cu tax\u0103<\/p>\n<\/div>\n<\/div>\n\n\n\n<p class=\"has-navy-blue-color has-text-color has-large-font-size\"><strong>Studen\u0163ii pot beneficia de burse de merit, burse de studii \u00een str\u0103in\u0103tate de tip <a href=\"http:\/\/cfiz.uoradea.ro\/?page_id=425\">Erasmus<\/a> \u015fi de burse suplimentare oferite de societ\u0103\u0163i non profit \u015fi institu\u0163ii.<\/strong><\/p>\n\n\n\n<p><\/p>\n\n\n\n<p class=\"has-dark-blue-color has-text-color has-background\" style=\"background-color:#cfdfeb;font-size:20px\"><strong><a href=\"http:\/\/cfiz.uoradea.ro\/?page_id=425\">Participarile Erasmus din anii anteriori pot fi vizualizate aici<\/a> <\/strong><\/p>\n\n\n\n<div class=\"wp-block-columns is-layout-flex wp-container-core-columns-is-layout-9d6595d7 wp-block-columns-is-layout-flex\">\n<div class=\"wp-block-column is-layout-flow wp-block-column-is-layout-flow\">\n<figure class=\"wp-block-image size-large\"><img loading=\"lazy\" decoding=\"async\" width=\"602\" height=\"416\" src=\"http:\/\/cfiz.uoradea.ro\/wp-content\/uploads\/2021\/03\/Picture1.png\" alt=\"\" class=\"wp-image-1190\" srcset=\"https:\/\/cfiz.uoradea.ro\/wp-content\/uploads\/2021\/03\/Picture1.png 602w, https:\/\/cfiz.uoradea.ro\/wp-content\/uploads\/2021\/03\/Picture1-300x207.png 300w, https:\/\/cfiz.uoradea.ro\/wp-content\/uploads\/2021\/03\/Picture1-360x249.png 360w\" sizes=\"auto, (max-width: 602px) 100vw, 602px\" \/><\/figure>\n<\/div>\n\n\n\n<div class=\"wp-block-column is-layout-flow wp-block-column-is-layout-flow\" style=\"flex-basis:55%\">\n<p class=\"has-red-color has-text-color has-large-font-size\">Ce face un FIZICIAN MEDICAL ?<\/p>\n\n\n\n<ul id=\"block-0fa8f5c3-fe63-4eb5-8841-24f82648c6ba\" class=\"has-navy-blue-color has-text-color wp-block-list\"><li>realizeaz\u0103 planurile de tratament \u00een radioterapie<\/li><li>&nbsp;supravegheaz\u0103 \u015fi asigur\u0103 condi\u0163iile fizice optime aechipamentelor, organizarea \u015fi supravegherea calibr\u0103rilor,\u00eentre\u0163inerilor \u015fi repara\u0163iilor<\/li><li>&nbsp;efectueaz\u0103 m\u0103sur\u0103torile dozimetrice \u015fi asigur\u0103 \u00eendeplinireacondi\u0163iilor de siguran\u0163\u0103 \u015fi radioprotec\u0163ie<\/li><li>&nbsp;implementeaz\u0103 \u015fi asigur\u0103 un plan de interven\u0163ie \u00een caz de urgen\u0163\u0103<\/li><li>&nbsp;ofer\u0103 consultan\u0163\u0103 la achizi\u0163ii de instala\u0163ii \u015fi echipamente<\/li><li>&nbsp;colaboreaz\u0103 cu medicii \u00een vederea optimiz\u0103rii procedurilorimagistice (tomografie cu emisie de pozitroni &#8211; PET, tomografie computerizat\u0103 &#8211; CT, imagistic\u0103 prin rezonan\u0163\u0103 magnetic\u0103 &#8211; IRM)<\/li><li>&nbsp;colaboreaz\u0103 cu medicii radiologi privind aspectele radiologice \u015fi radiobiologice<\/li><\/ul>\n<\/div>\n<\/div>\n\n\n\n<div class=\"wp-block-columns is-layout-flex wp-container-core-columns-is-layout-9d6595d7 wp-block-columns-is-layout-flex\">\n<div class=\"wp-block-column is-layout-flow wp-block-column-is-layout-flow\" style=\"flex-basis:45%\">\n<p class=\"has-red-color has-text-color has-large-font-size\">Oportunit\u0103\u021bi de angajare<\/p>\n\n\n\n<ul class=\"has-navy-blue-color has-text-color wp-block-list\"><li>fizician medical specializat \u00een imagistic\u0103, radioterapie, radioprotec\u0163ie, medicin\u0103 nuclear\u0103, \u00een sistemul sanitar de stat, spitale private, clinici, laboratoare, agen\u0163ii na\u0163ionale de specialitate<\/li><li>fizician \u00een laboratoare de determin\u0103ri fizico-chimice<\/li><li>cercet\u0103tor \u00een domeniul fizicii<\/li><li>profesor de fizic\u0103 \u00een \u00eenv\u0103\u0163\u0103m\u00e2ntul preuniversitar \u015fi universitar<\/li><li>cu calificarea ob\u0163inut\u0103 vei putea ob\u0163ine un loc de munc\u0103 pe plan interna\u0163ional<\/li><\/ul>\n<\/div>\n\n\n\n<div class=\"wp-block-column is-layout-flow wp-block-column-is-layout-flow\">\n<figure class=\"wp-block-image size-large\"><img loading=\"lazy\" decoding=\"async\" width=\"429\" height=\"229\" src=\"http:\/\/cfiz.uoradea.ro\/wp-content\/uploads\/2021\/03\/Picture3.png\" alt=\"\" class=\"wp-image-1192\" srcset=\"https:\/\/cfiz.uoradea.ro\/wp-content\/uploads\/2021\/03\/Picture3.png 429w, https:\/\/cfiz.uoradea.ro\/wp-content\/uploads\/2021\/03\/Picture3-300x160.png 300w, https:\/\/cfiz.uoradea.ro\/wp-content\/uploads\/2021\/03\/Picture3-360x192.png 360w\" sizes=\"auto, (max-width: 429px) 100vw, 429px\" \/><\/figure>\n<\/div>\n<\/div>\n\n\n\n<div style=\"height:17px\" aria-hidden=\"true\" class=\"wp-block-spacer\"><\/div>\n\n\n\n<p class=\"has-background\" style=\"background-color:#d6e3e8;font-size:20px\"><strong><a href=\"http:\/\/cfiz.uoradea.ro\/?page_id=428\">Cariere de succes ale absolventilor pot fi vizualizate aici<\/a><\/strong><\/p>\n\n\n\n<p><\/p>\n\n\n\n<p><\/p>\n\n\n\n<p class=\"has-red-color has-text-color has-large-font-size\">INSTITU\u0162II \u00ceN CARE STUDEN\u0162II NO\u015eTRI \u00ce\u015eI DESF\u0102\u015eOAR\u0102 ACTIVIT\u0102\u0162ILE  PE BAZ\u0102 DE CONVEN\u0162II<\/p>\n\n\n\n<ul class=\"has-navy-blue-color has-text-color wp-block-list\"><li>Spitalul Clinic Municipal Dr. Gavril Curteanu, Laboratorul de Radioterapie cu Energii \u00cenalte &#8211; TEI<\/li><li>&nbsp; Spitalul Clinic Jude\u0163ean Oradea, Sta\u0163ionar II: Radioterapie<\/li><li>&nbsp; Spitalul Clinic Jude\u0163ean Oradea, Centrul de Imagistic\u0103 (CT, IRM)<\/li><li> &nbsp;Centrul PET CT POZITRON DIAGNOSZTIKA SRL Oradea<\/li><li> &nbsp;Facultatea de Medicin\u0103 \u015fi Farmacie Oradea<\/li><li> &nbsp;Centrul Medical de Imagistic\u0103 \u015fi Diagnostic EURORAD,Oradea<\/li><li> &nbsp;Direc\u0163ia de S\u0103n\u0103tate Public\u0103 Bihor, Laboratorul de IgienaRadia\u0163iilor Ionizante, Oradea<\/li><\/ul>\n\n\n\n<div style=\"height:100px\" aria-hidden=\"true\" class=\"wp-block-spacer\"><\/div>\n\n\n\n<p><\/p>\n\n\n\n<p class=\"has-navy-blue-color has-text-color\" style=\"font-size:15px\">Pentru mai multe informa\u021bii contacta\u021bi-ne cu \u00eencredere sau lasa\u021bi un mesaj mai jos<\/p>\n\n\n\n<p class=\"has-navy-blue-color has-white-background-color has-text-color has-background\" style=\"font-size:18px\">Secretariatul Facult\u0103\u0163ii de \u015etiin\u0163e, Pavilionul C, etajul I, camera 104 bis, tel:0259\/408430. Persoana de contact Monica Todera\u0219 atoderas@uoradea.ro<\/p>\n\n\n\n<p><\/p>\n\n\n\n<p class=\"has-navy-blue-color has-white-background-color has-text-color has-background\" style=\"font-size:20px\"><\/p>\n","protected":false},"excerpt":{"rendered":"<p>Ofert\u0103 Educa\u021bional\u0103 pentru anul universitar 2022 Licen\u021b\u0103 &#8211; Fizic\u0103 Medical\u0103 Program de studii universitare cu durata de 3 ani, compatibil cu sistemul educa\u021bional european. 28 locuri finan\u0163ate&nbsp;de la bugetul de stat 40 locuri cu tax\u0103 Masterat &#8211; Fizica Explor\u0103rilor \u0219i <a href=\"https:\/\/cfiz.uoradea.ro\/?page_id=1330\" class=\"read-more\">Read More &#8230;<\/a><\/p>\n","protected":false},"author":1,"featured_media":0,"parent":0,"menu_order":0,"comment_status":"open","ping_status":"closed","template":"","meta":{"footnotes":""},"class_list":["post-1330","page","type-page","status-publish","hentry"],"_links":{"self":[{"href":"https:\/\/cfiz.uoradea.ro\/index.php?rest_route=\/wp\/v2\/pages\/1330","targetHints":{"allow":["GET"]}}],"collection":[{"href":"https:\/\/cfiz.uoradea.ro\/index.php?rest_route=\/wp\/v2\/pages"}],"about":[{"href":"https:\/\/cfiz.uoradea.ro\/index.php?rest_route=\/wp\/v2\/types\/page"}],"author":[{"embeddable":true,"href":"https:\/\/cfiz.uoradea.ro\/index.php?rest_route=\/wp\/v2\/users\/1"}],"replies":[{"embeddable":true,"href":"https:\/\/cfiz.uoradea.ro\/index.php?rest_route=%2Fwp%2Fv2%2Fcomments&post=1330"}],"version-history":[{"count":4,"href":"https:\/\/cfiz.uoradea.ro\/index.php?rest_route=\/wp\/v2\/pages\/1330\/revisions"}],"predecessor-version":[{"id":1339,"href":"https:\/\/cfiz.uoradea.ro\/index.php?rest_route=\/wp\/v2\/pages\/1330\/revisions\/1339"}],"wp:attachment":[{"href":"https:\/\/cfiz.uoradea.ro\/index.php?rest_route=%2Fwp%2Fv2%2Fmedia&parent=1330"}],"curies":[{"name":"wp","href":"https:\/\/api.w.org\/{rel}","templated":true}]}}