{"id":122,"date":"2020-12-04T19:09:49","date_gmt":"2020-12-04T19:09:49","guid":{"rendered":"http:\/\/cfiz.uoradea.ro\/?page_id=122"},"modified":"2023-05-29T06:54:55","modified_gmt":"2023-05-29T06:54:55","slug":"moca-pascu-catalin","status":"publish","type":"page","link":"https:\/\/cfiz.uoradea.ro\/?page_id=122","title":{"rendered":"Moca Pascu Catalin"},"content":{"rendered":"\n<p>&nbsp;<\/p>\n\n\n\n<div class=\"wp-block-columns is-layout-flex wp-container-core-columns-is-layout-9d6595d7 wp-block-columns-is-layout-flex\">\n<div class=\"wp-block-column is-layout-flow wp-block-column-is-layout-flow\">\n<figure class=\"wp-block-image size-full\"><img loading=\"lazy\" decoding=\"async\" width=\"420\" height=\"331\" src=\"https:\/\/cfiz.uoradea.ro\/wp-content\/uploads\/2023\/01\/Moca.png\" alt=\"\" class=\"wp-image-1410\"\/><\/figure>\n<\/div>\n\n\n\n<div class=\"wp-block-column is-layout-flow wp-block-column-is-layout-flow\">\n<p><strong>Func\u021bia didactica<\/strong>: Profesor<\/p>\n\n\n\n<p>Conducator de doctorat \u00een fizica teoretica<\/p>\n\n\n\n<p><strong>Locatie birou<\/strong>: Corpul C, sala C204<\/p>\n\n\n\n<p><strong>Email<\/strong>: mocap(at)oradea.ro, cpmoca(at)gmail.com<\/p>\n\n\n\n<p><strong>Telefon<\/strong>:+40 740-099140<\/p>\n\n\n\n<p><a href=\"https:\/\/scholar.google.ro\/citations?user=9eJW7akAAAAJ&amp;hl=ro&amp;authuser=1\">Lista publica\u021bii: Google scholar<\/a><\/p>\n\n\n\n<div class=\"wp-block-buttons is-layout-flex wp-block-buttons-is-layout-flex\">\n<div class=\"wp-block-button is-style-fill\"><a class=\"wp-block-button__link wp-element-button\" href=\"https:\/\/cfiz.uoradea.ro\/wp-content\/uploads\/2023\/01\/Moca-Pascu-Catalin-Europass-Ro.pdf\"><strong>CV<\/strong><\/a><\/div>\n<\/div>\n\n\n\n<p>&nbsp;<\/p>\n\n\n\n<p>&nbsp;<\/p>\n\n\n\n<p>&nbsp;<\/p>\n<\/div>\n<\/div>\n\n\n\n<p><strong> Cercetare<\/strong><\/p>\n\n\n\n<div class=\"wp-block-group\"><div class=\"wp-block-group__inner-container is-layout-constrained wp-block-group-is-layout-constrained\">\n<figure class=\"wp-block-table is-style-stripes\"><table><tbody><tr><td class=\"has-text-align-left\" data-align=\"left\">Transport \u00een sisteme mesoscopice<\/td><td class=\"has-text-align-left\" data-align=\"left\">(Transport \u00een dot-uri cuantice, sisteme undimensionale, Lichid Luttinger, etc)<\/td><\/tr><tr><td class=\"has-text-align-left\" data-align=\"left\">Quench-uri cuantice \u0219i corela\u021bii \u00een sisteme puternic corelate<\/td><td class=\"has-text-align-left\" data-align=\"left\">Quench-uri \u00een interac\u021biune \u00een sisteme unidimensionale, lichid Luttinger, sisteme non-hermitice, sisteme deschide, modelate cu ec. Lindblad<\/td><\/tr><tr><td class=\"has-text-align-left\" data-align=\"left\">Metode numerice<\/td><td class=\"has-text-align-left\" data-align=\"left\">Time-evolved block decimation (TEBD), numerical renormalization group (NRG), density matrix renormalization group (DMRG), functional renormalization group (FRG) etc.<\/td><\/tr><\/tbody><\/table><\/figure>\n<\/div><\/div>\n\n\n\n<p><strong> Publicatii recente<\/strong><\/p>\n\n\n\n<figure class=\"wp-block-table is-style-stripes\"><table><tbody><tr><td class=\"has-text-align-left\" data-align=\"left\">C\u0103t\u0103lin Pa\u015fcu Moca and Bal\u00e1zs D\u00f3ra&nbsp;<br><a href=\"https:\/\/journals.aps.org\/prb\/abstract\/10.1103\/PhysRevB.104.125124\"><em>Universal conductance of a&nbsp;PT-symmetric Luttinger liquid after a quantum quench<\/em><\/a>,&nbsp;<br>Phys. Rev. B&nbsp;<strong>104<\/strong>, 125124 (2021)<\/td><\/tr><tr><td class=\"has-text-align-left\" data-align=\"left\">C\u0103t\u0103lin Pa\u015fcu Moca, Ireneusz Weymann, Mikl\u00f3s Antal Werner, and Gergely Zar\u00e1nd<br>&nbsp;<a href=\"https:\/\/journals.aps.org\/prl\/abstract\/10.1103\/PhysRevLett.127.186804\">Kondo Cloud in a Superconductor<\/a>&nbsp;<br>Phys. Rev. Lett.&nbsp;<strong>127<\/strong>, 186804 (2021)<\/td><\/tr><tr><td class=\"has-text-align-left\" data-align=\"left\">Doru Sticlet, Bal\u00e1zs D\u00f3ra, and C\u0103t\u0103lin Pa\u015fcu Moca&nbsp;<br><a href=\"https:\/\/journals.aps.org\/prl\/abstract\/10.1103\/PhysRevLett.128.016802\"><em>Kubo Formula for Non-Hermitian Systems and Tachyon Optical Conductivity<\/em><\/a>,&nbsp;<br>Phys. Rev. Lett.&nbsp;<strong>128<\/strong>, 016802 (2022).<\/td><\/tr><tr><td class=\"has-text-align-left\" data-align=\"left\">&nbsp;A. Bacsi, C. P. Moca, B. Dora and G. Zar\u00e1nd<br><a href=\"https:\/\/journals.aps.org\/prl\/abstract\/10.1103\/PhysRevLett.125.266803\"><em>Vaporization Dynamics of a Dissipative Quantum Liquid<\/em>,<\/a><a href=\"https:\/\/dx.doi.org\/10.1103\/PhysRevLett.124.136802\">&nbsp;<\/a><br>Phys. Rev. Lett.&nbsp;<strong>125<\/strong>, 266803&nbsp; (2020)<\/td><\/tr><tr><td class=\"has-text-align-left\" data-align=\"left\">Doru Sticlet, C. P. Moca and B. Dora<br><em><a href=\"https:\/\/journals.aps.org\/prb\/abstract\/10.1103\/PhysRevB.102.075437\">All-electrical spectroscopy of topological phases in semiconductor-superconductor heterostructures<\/a><\/em><br>Phys. Rev. B&nbsp;<strong>102<\/strong>, 075437&nbsp; (2020)<\/td><\/tr><tr><td class=\"has-text-align-left\" data-align=\"left\">&nbsp;Z. Scherubl, G. Fulop, C. P. Moca, J. Gramich, A. Baumgartner, P. Makk, T. Elalaily, C. Schonenberger, J. Nygard, G. Zarand, S. Csonka<br><a href=\"https:\/\/www.nature.com\/articles\/s41467-020-15322-9\"><em>Large spatial extension of the zero-energy Yu-Shiba-Rusinov state in magnetic field<\/em>,<\/a>&nbsp;<br><a href=\"https:\/\/www.nature.com\/articles\/s41467-020-15322-9\">Nature Communications, 11 1834 (2020)<\/a>&nbsp;<\/td><\/tr><tr><td class=\"has-text-align-left\" data-align=\"left\">C\u0103t\u0103lin Pa\u015fcu Moca, Wataru Izumida, Bal\u00e1zs D\u00f3ra, \u00d6rs Legeza, J\u00e1nos K. Asb\u00f3th, and Gergely Zar\u00e1nd<br><em><a href=\"https:\/\/journals.aps.org\/prl\/abstract\/10.1103\/PhysRevLett.125.056401\">Topologically Protected Correlated End Spin Formation in Carbon Nanotubes<\/a><\/em><br>Phys. Rev. Lett.&nbsp;<strong>125<\/strong>, 056401 (2020)<\/td><\/tr><tr><td class=\"has-text-align-left\" data-align=\"left\">Bal\u00e1zs D\u00f3ra and C\u0103t\u0103lin Pa\u015fcu Moca<br><em><a href=\"https:\/\/journals.aps.org\/prl\/abstract\/10.1103\/PhysRevLett.124.136802\">Quantum Quench in PT-Symmetric Luttinger Liquid<\/a><\/em><br>Phys. Rev. Lett.&nbsp;<strong>124<\/strong>, 136802 (2020)<\/td><\/tr><tr><td class=\"has-text-align-left\" data-align=\"left\">\u00c1d\u00e1m B\u00e1csi, C\u0103t\u0103lin Pa\u015fcu Moca, and Bal\u00e1zs D\u00f3ra<br><em><a href=\"https:\/\/journals.aps.org\/prl\/abstract\/10.1103\/PhysRevLett.124.136401\">Dissipation-Induced Luttinger Liquid Correlations in a One-Dimensional Fermi Gas<\/a><\/em><br>Phys. Rev. Lett.&nbsp;<strong>124<\/strong>, 136401 (2020)<\/td><\/tr><tr><td class=\"has-text-align-left\" data-align=\"left\">Mikl\u00f3s Antal Werner, C\u0103t\u0103lin Pa\u015fcu Moca, \u00d6rs Legeza, and Gergely Zar\u00e1nd<br><em><a href=\"https:\/\/journals.aps.org\/prb\/abstract\/10.1103\/PhysRevB.102.155108\">Quantum quench and charge oscillations in the SU(3) Hubbard model: A test of time evolving block decimation with general non-Abelian symmetries&nbsp;<\/a><\/em><br>Phys. Rev.&nbsp;<strong>B 102<\/strong>, 155108 (2020)<\/td><\/tr><tr><td class=\"has-text-align-left\" data-align=\"left\">C\u0103t\u0103lin Pa\u015fcu Moca, Razvan Chirla, Bal\u00e1zs D\u00f3ra, and Gergely Zar\u00e1nd<br><em><a href=\"https:\/\/journals.aps.org\/prb\/abstract\/10.1103\/PhysRevB.102.155108\">Quantum Criticality and Formation of a Singular Fermi Liquid in the Attractive SU(N&gt;2)Anderson Model&nbsp;<\/a><\/em><br>Phys. Rev. Lett.&nbsp;<strong>123<\/strong>, 136803 (2019)<\/td><\/tr><tr><td class=\"has-text-align-left\" data-align=\"left\">I. Shapir, A. Hamo, S. Pecker, C.P. Moca, \u00d6. Legeza, G. Zarand, S. Ilani,<br><em><a href=\"https:\/\/science.sciencemag.org\/content\/364\/6443\/870\">Imaging the electronic Wigner crystal in one dimension<\/a><\/em><br>Science&nbsp;<strong>364<\/strong>, 870 (2019)<\/td><\/tr><tr><td class=\"has-text-align-left\" data-align=\"left\">Catalin Pascu Moca, Marton Kormos, and Gergely Zar\u00e1nd<br><em><a href=\"https:\/\/journals.aps.org\/prl\/abstract\/10.1103\/PhysRevLett.119.100603\">Hybrid Semiclassical Theory of Quantum Quenches in One-Dimensional Systems<\/a><\/em><br>Phys. Rev. Lett.&nbsp;<strong>119<\/strong>, 100603 (2017)<\/td><\/tr><tr><td class=\"has-text-align-left\" data-align=\"left\">A. J. Keller, L. Peeters, C. P. Moca, I. Weymann, D. Mahalu, V. Umansky, G. Zar\u00e1nd, D. Goldhaber-Gordon<br><em><a href=\"https:\/\/dx.doi.org\/10.1038\/nature15261\">Universal Fermi liquid crossover and quantum criticality in a mesoscopic device<\/a><\/em><br>Nature<strong>&nbsp;526<\/strong>, 237 (2015)<\/td><\/tr><tr><td class=\"has-text-align-left\" data-align=\"left\">A. J. Keller, S. Amasha, I. Weymann, C. P. Moca, I. G. Rau, J. A. Katine, Hadas Shtrikman, G. Zar\u00e1nd, D. Goldhaber-Gordon<br><a href=\"http:\/\/www.nature.com\/nphys\/journal\/v10\/n2\/full\/nphys2844.html\"><em>Emergent SU(4) Kondo physics in a spin-charge-entangled double quantum dot<\/em><\/a><br>Nature Physics&nbsp;<strong>10<\/strong>, 145 (2014) (open access:&nbsp;<a href=\"https:\/\/arxiv.org\/abs\/1306.6326\">arXiv:1306.6326<\/a>)<\/td><\/tr><\/tbody><\/table><\/figure>\n\n\n\n<p>&nbsp;<\/p>\n\n\n<div id=\"el-cce2aa1b\" class=\"vce-col vce-col--md-auto vce-col--xs-1 vce-col--xs-last vce-col--xs-first vce-col--sm-last vce-col--sm-first vce-col--md-last vce-col--lg-last vce-col--xl-last vce-col--md-first vce-col--lg-first vce-col--xl-first\">\n<div class=\"vce-col-inner\" data-vce-do-apply=\"border margin background  el-cce2aa1b\">\n<div class=\"vce-col-content\" data-vce-element-content=\"true\" data-vce-do-apply=\"padding el-cce2aa1b\">\n<h2><strong>Noti\u021be curs Mecanic\u0103 cuantic\u0103<\/strong><\/h2>\n<p><a href=\"\/wp-content\/uploads\/2023\/05\/Curs-cuantica-1.pdf\">Curs 1<\/a>, <a href=\"\/wp-content\/uploads\/2023\/05\/Curs-cuantica-2.pdf\">Curs 2<\/a>, <a href=\"\/wp-content\/uploads\/2023\/05\/Curs-cuantica-3.pdf\">Curs 3<\/a>, <a href=\"\/wp-content\/uploads\/2023\/05\/Curs-cuantica-4.pdf\">Curs 4<\/a>, <a href=\"\/wp-content\/uploads\/2023\/05\/Curs-cuantica-5.pdf\">Curs 5<\/a>, <a href=\"\/wp-content\/uploads\/2023\/05\/Curs-cuantica-6.pdf\">Curs 6<\/a>, <a href=\"\/wp-content\/uploads\/2023\/05\/Curs-cuantica-7.pdf\">Curs 7<\/a>, <a href=\"\/wp-content\/uploads\/2023\/05\/Curs-cuantica-8.pdf\">Curs 8<\/a>, <a href=\"\/wp-content\/uploads\/2023\/05\/Curs-cuantica-9.pdf\">Curs 9<\/a>, <a href=\"\/wp-content\/uploads\/2023\/05\/Curs-cuantica-10.pdf\">Curs 10<\/a>, <a href=\"\/wp-content\/uploads\/2023\/05\/Curs-cuantica-11.pdf\">Curs 11<\/a>, <a href=\"\/wp-content\/uploads\/2023\/05\/Curs-cuantica-12.pdf\">Curs 12<\/a><\/p>\n<\/div>\n<\/div>\n<\/div>\n<p><!--vcv no format--><!-- vcwb\/dynamicElementComment:fcc527b4 --><\/p>","protected":false},"excerpt":{"rendered":"<p>&nbsp; Func\u021bia didactica: Profesor Conducator de doctorat \u00een fizica teoretica Locatie birou: Corpul C, sala C204 Email: mocap(at)oradea.ro, cpmoca(at)gmail.com Telefon:+40 740-099140 Lista publica\u021bii: Google scholar &nbsp; &nbsp; &nbsp; Cercetare Transport \u00een sisteme mesoscopice (Transport \u00een dot-uri cuantice, sisteme undimensionale, Lichid <a href=\"https:\/\/cfiz.uoradea.ro\/?page_id=122\" class=\"read-more\">Read More &#8230;<\/a><\/p>\n","protected":false},"author":1,"featured_media":0,"parent":216,"menu_order":0,"comment_status":"closed","ping_status":"closed","template":"","meta":{"footnotes":""},"class_list":["post-122","page","type-page","status-publish","hentry"],"_links":{"self":[{"href":"https:\/\/cfiz.uoradea.ro\/index.php?rest_route=\/wp\/v2\/pages\/122","targetHints":{"allow":["GET"]}}],"collection":[{"href":"https:\/\/cfiz.uoradea.ro\/index.php?rest_route=\/wp\/v2\/pages"}],"about":[{"href":"https:\/\/cfiz.uoradea.ro\/index.php?rest_route=\/wp\/v2\/types\/page"}],"author":[{"embeddable":true,"href":"https:\/\/cfiz.uoradea.ro\/index.php?rest_route=\/wp\/v2\/users\/1"}],"replies":[{"embeddable":true,"href":"https:\/\/cfiz.uoradea.ro\/index.php?rest_route=%2Fwp%2Fv2%2Fcomments&post=122"}],"version-history":[{"count":92,"href":"https:\/\/cfiz.uoradea.ro\/index.php?rest_route=\/wp\/v2\/pages\/122\/revisions"}],"predecessor-version":[{"id":1468,"href":"https:\/\/cfiz.uoradea.ro\/index.php?rest_route=\/wp\/v2\/pages\/122\/revisions\/1468"}],"up":[{"embeddable":true,"href":"https:\/\/cfiz.uoradea.ro\/index.php?rest_route=\/wp\/v2\/pages\/216"}],"wp:attachment":[{"href":"https:\/\/cfiz.uoradea.ro\/index.php?rest_route=%2Fwp%2Fv2%2Fmedia&parent=122"}],"curies":[{"name":"wp","href":"https:\/\/api.w.org\/{rel}","templated":true}]}}